{"id":90,"date":"2020-11-12T16:06:25","date_gmt":"2020-11-12T15:06:25","guid":{"rendered":"https:\/\/sagenhafte-lieder-muensterland.de\/wordpress\/?page_id=90"},"modified":"2022-09-03T11:18:13","modified_gmt":"2022-09-03T09:18:13","slug":"danksagungen","status":"publish","type":"page","link":"https:\/\/sagenhafte-lieder-muensterland.de\/wordpress\/danksagungen\/","title":{"rendered":"Danksagungen"},"content":{"rendered":"<p>Ich m\u00f6chte gerne all denjenigen danken, die direkt oder indirekt mit Unterst\u00fctzungen vielf\u00e4ltigster Art an diesem Projekt beteiligt waren.<\/p>\n<figure id=\"attachment_146\" aria-describedby=\"caption-attachment-146\" style=\"width: 300px\" class=\"wp-caption alignnone\"><img loading=\"lazy\" class=\"size-medium wp-image-146\" src=\"https:\/\/sagenhafte-lieder-muensterland.de\/wordpress\/wp-content\/uploads\/2020\/11\/Wandern-und-Singen-Foto-Frank-Moeller-300x226.jpg\" alt=\"\" width=\"300\" height=\"226\" srcset=\"https:\/\/sagenhafte-lieder-muensterland.de\/wordpress\/wp-content\/uploads\/2020\/11\/Wandern-und-Singen-Foto-Frank-Moeller-300x226.jpg 300w, https:\/\/sagenhafte-lieder-muensterland.de\/wordpress\/wp-content\/uploads\/2020\/11\/Wandern-und-Singen-Foto-Frank-Moeller.jpg 600w\" sizes=\"(max-width: 300px) 100vw, 300px\" \/><figcaption id=\"caption-attachment-146\" class=\"wp-caption-text\">Wandern und Singen<\/figcaption><\/figure>\n<p>Da seien schon mal alle, die mir zuh\u00f6ren, mich durch ihr Interesse unterst\u00fctzen und mir immer wieder neue Anregungen geben, zu nennen. Sollte ich bei der nun folgenden Aufz\u00e4hlung jemanden irrt\u00fcmlich vergessen haben, bitte Bescheid geben \u2013 ich hole das nach!<\/p>\n<p>Werner Suer nahm sich viel Zeit f\u00fcr meine Nachfragen, gab mir viele Informationen bzgl. der Lage der verschiedenen regionalen Orte im Teutoburger Wald, gew\u00e4hrte mir Einsicht in Kartenmaterial und archivierte Textsammlungen des 19.Jahrhunderts.<\/p>\n<p>Ihm, Annette Bucken und dem \u00fcbrigen Team vom Stadtmuseum Ibbenb\u00fcren meinen ganz herzlichen Dank! Sie leisten einen immensen Beitrag zum Erhalt kultureller Werte der Region!<\/p>\n<p>Wissenswertes \u00fcber die vielf\u00e4ltigen Eins\u00e4tze von Wasserm\u00fchlen erfuhr ich von Norbert Liedmeyer vom F\u00f6rderverein Kloster Gravenhorst; Dr. Klaus Offenberg versorgte mich immer wieder mit neuen Anregungen \u00fcber die gruseligen Begebenheiten in Bevergern und seinem sagenhaften Umland; er, Ingrid Bosse und Hans Pollul sind mein Gruselgeschichten-Dreamteam, wenn es an gespenstischen Orten die legend\u00e4ren Rauhnacht-Lesungen gibt. Elisabeth Sch\u00fcttken unterst\u00fctzte mich mit Geschichten aus Laggenbeck, w\u00e4hrend Silvia Schulte mir die Wegkreuze von D\u00f6renthe bei einer Wanderung zeigte. Mit Annette Veltmann und Ursula Grolle von den Naturgenussf\u00fchrerInnen Ibbenb\u00fcren wurden ebenfalls die \u201eOrte des Geschehens\u201c im Teutoburger Wald aufgesucht.<\/p>\n<p>Doc Heyne stand mir mit vielf\u00e4ltigen Ratschl\u00e4gen und aufbauenden Worten zur Seite, als ich in Erw\u00e4gung zog, meine Sagenlieder auf CDs zu verewigen.<\/p>\n<p>Rosa Verlage danke ich posthum f\u00fcr ihre akribischen Aufzeichnungen der Sagen und Anekdoten rund um ihr Heimatdorf Riesenbeck (und Christel Br\u00fcggemeyer, die mir \u201eWuorstebroad\u201c zukommen lie\u00df); \u00e4hnliches leisteten auch Ferdinand Zumbusch in Wolbeck, Eugen Kotte in Ostbevern und Friedrich Ernst Hunsche im Tecklenburger Land.<\/p>\n<p>Carsten Krystofiak als zeitgen\u00f6ssischer Journalist und m\u00fcnsterl\u00e4ndischer Geschichtensammler stand mir regelm\u00e4\u00dfig bei meinen Fragen zur Seite und gab mir so manche n\u00fctzlichen Tipps und Korrekturen.<\/p>\n<p>Dagmar Kemper war nicht nur gesangliche Unterst\u00fctzung bei einigen Ch\u00f6ren, sondern unterst\u00fctzte mich unerm\u00fcdlich, als es um die Realisierung dieser Homepage ging.<\/p>\n<p>Ich freue mich \u00fcber das gro\u00dfe Interesse beim Heimatverein Bevergern \u2013 hier sei stellvertretend Heinz Levedag, Heimatverein Riesenbeck \u2013 hier sei J\u00fcrgen Th\u00e4lker genannt &#8211; und dem Heimatverein Wolbeck.<\/p>\n<p>Bernhard Karrengarn und Franz-Pius Graf von Merveldt erm\u00f6glichten mir einen umfassenden Einblick in die Geschichte Wolbecks und seine Anekdoten; Alfons Gernholt steuerte viel Insiderwissen \u00fcber den ehemaligen Kurort bei.<\/p>\n<p>Familie Lennerz aus Bevergern \u2013 vor allem Christian, der manches Mal als Percussionist meine Performance begleitete \u2013 m\u00f6chte ich ebenfalls an dieser Stelle f\u00fcr die so wohltuende W\u00fcrdigung meiner Sagenlieder danken &#8211; und Adele Reekers, die \u00fcber Adam und Evas Riesenbecker Aufenthalt Bescheid wusste, sowie Stephan Beermann, der gute Fragen zu stellen versteht.<\/p>\n<p>Friedhelm H\u00f6sker aus Ostbevern und seine Familie trugen viel Informatives zusammen und suchten mit mir auch die legend\u00e4re Wirkungsst\u00e4tte des Ortsgespenstes \u201eJ\u00fcfferken von Halstenbeck\u201c auf.<\/p>\n<p>Bei Kock&#8217;s M\u00fchle erhielt ich vom Ehepaar Kock einen Einblick in die rekonstruierten Ansichten der alten Ostbeveraner Korn- und Bocke-M\u00fchle des Haus Bever, auch wurde mir eine umfangreiche F\u00fchrung \u00fcber das heutige Gel\u00e4nde zuteil.<\/p>\n<p>Ulrike Fischer-Danwerth zeigte mir die Innenr\u00e4ume der Klosterm\u00fchle Vinnenberg und das alte Interieur der M\u00fchle, was sehr aufschlussreich war.<\/p>\n<p>Harald Liebers, der begnadete B\u00e4renzeichner, lie\u00df mir ein Buch \u00fcber die Historie von M\u00fcnsters Stadtvierteln zukommen, w\u00e4hrend Brigitte Bracht mir alles Wissenswerte \u00fcber den Werdegang vom Flachs zum Garn zusammentrug.<\/p>\n<p>Winfried Farke, Autor der Conflutoren-Chroniken, gab einen perfekten \u00dcberblick \u00fcber das Wirken des D\u00fc\u00f6vels von Ennigerloh.<\/p>\n<p>Christian Erdh\u00fctter teilte mir viel Skurriles \u00fcber Oelde und seine Spezialit\u00e4ten mit, vielen Dank f\u00fcr die Empfehlungen und den Einsatz; Danke auch dem Ambrosius-Haus Oelde und Dr. Burkhard L\u00f6her.<\/p>\n<p>Danke den Menschen vom Haus St.Vitus Everswinkel, die mich in mehrfacher Hinsicht unterst\u00fctzten.<\/p>\n<p>Meinen Dank an Monika und Horst-Dieter Kn\u00fcppels f\u00fcr die Informationen \u00fcber das Sagenhafte Rheine und Elsi L\u00fcnningmeyer f\u00fcr die Geschichte der St.Anna auf dem Breischen \u2013 und die Beschreibung der dortigen Wallfahrer-Sitten.<\/p>\n<p>Ela Sch\u00fcppmann gab mir einen Einblick in die wirklich gruseligen F\u00fcchtorfer Gespenstergeschichten.<\/p>\n<p>Roman Esser nahm sich manche Stunde Zeit, um sich meine Lieder-Kreationen anzuh\u00f6ren und zu kommentieren.<\/p>\n<p>Lukas und Higgi Holle, sowie Roxel-Kenner Wilhelm Ahrens waren in den Anf\u00e4ngen der Sagenlieder-Pr\u00e4sentationen \u00e4u\u00dferst konstruktive Kritiker.<\/p>\n<figure id=\"attachment_138\" aria-describedby=\"caption-attachment-138\" style=\"width: 300px\" class=\"wp-caption aligncenter\"><img loading=\"lazy\" class=\"size-medium wp-image-138\" src=\"https:\/\/sagenhafte-lieder-muensterland.de\/wordpress\/wp-content\/uploads\/2020\/11\/Me-and-the-chicks-Foto-Kemper-300x210.jpg\" alt=\"\" width=\"300\" height=\"210\" srcset=\"https:\/\/sagenhafte-lieder-muensterland.de\/wordpress\/wp-content\/uploads\/2020\/11\/Me-and-the-chicks-Foto-Kemper-300x210.jpg 300w, https:\/\/sagenhafte-lieder-muensterland.de\/wordpress\/wp-content\/uploads\/2020\/11\/Me-and-the-chicks-Foto-Kemper.jpg 550w\" sizes=\"(max-width: 300px) 100vw, 300px\" \/><figcaption id=\"caption-attachment-138\" class=\"wp-caption-text\">Singen mit H\u00fchnern<\/figcaption><\/figure>\n<p>Und da seien noch die gesanglichen Mitstreiter und Chors\u00e4ngerInnen zu nennen:<\/p>\n<p>Doro Offenberg, Klaus Offenberg und Frank M\u00f6ller (Bevergern und sein sagenhaftes Umland)<br \/>\nDagmar Kemper und Frank M\u00f6ller (Rheine und sein sagenhaftes Umland)<br \/>\nFrank M\u00f6ller (Tecklenburg und sein sagenhaftes Umland)<br \/>\nManfred Kehr und Dagmar Kemper (M\u00fcnster und sein sagenhaftes Umland)<br \/>\nHeinz Winkelmann, Dieter \u201e\u00d6hm\u201c Nachtig\u00e4ller, Gerd Bracht und Manfred Kehr (Sagenhaftes Umland von Ems und Bever\/ Sagenhaftes S\u00fcdliches M\u00fcnsterland)<\/p>\n<figure id=\"attachment_144\" aria-describedby=\"caption-attachment-144\" style=\"width: 244px\" class=\"wp-caption aligncenter\"><img loading=\"lazy\" class=\"size-medium wp-image-144\" src=\"https:\/\/sagenhafte-lieder-muensterland.de\/wordpress\/wp-content\/uploads\/2020\/11\/Sommerbild-Teppich-Foto-Frank-Moeller-244x300.jpg\" alt=\"\" width=\"244\" height=\"300\" srcset=\"https:\/\/sagenhafte-lieder-muensterland.de\/wordpress\/wp-content\/uploads\/2020\/11\/Sommerbild-Teppich-Foto-Frank-Moeller-244x300.jpg 244w, https:\/\/sagenhafte-lieder-muensterland.de\/wordpress\/wp-content\/uploads\/2020\/11\/Sommerbild-Teppich-Foto-Frank-Moeller.jpg 487w\" sizes=\"(max-width: 244px) 100vw, 244px\" \/><figcaption id=\"caption-attachment-144\" class=\"wp-caption-text\">Singen im Sommer<\/figcaption><\/figure>\n<p>Maria Gunia und Karl Gunia danke ich f\u00fcr die immerw\u00e4hrende Hilfe w\u00e4hrend des gesamten Projekts \u2013 und dar\u00fcber hinaus!<\/p>\n<p>Georg Babetzky danke ich f\u00fcr seine absolut begnadetenen F\u00e4higkeiten als Cover Designer und Photograph, sowie seine unersch\u00f6pfliche Innovation \u2013 nebst Austausch \u00fcber die besten Fahrradstrecken des M\u00fcnsterlandes.<\/p>\n<p>Lieber Gerd Bracht!\u00a0 Es gelingt Dir, eine Atmosph\u00e4re zu schaffen, die einen entspannt &#8211; und gleichzeitig so ganz nebenbei zu musikalischen H\u00f6chstleistungen anspornt.<\/p>\n<figure id=\"attachment_145\" aria-describedby=\"caption-attachment-145\" style=\"width: 300px\" class=\"wp-caption alignright\"><img loading=\"lazy\" class=\"size-medium wp-image-145\" src=\"https:\/\/sagenhafte-lieder-muensterland.de\/wordpress\/wp-content\/uploads\/2020\/11\/Studio-Foto-Gerd-Bracht-300x225.jpg\" alt=\"\" width=\"300\" height=\"225\" srcset=\"https:\/\/sagenhafte-lieder-muensterland.de\/wordpress\/wp-content\/uploads\/2020\/11\/Studio-Foto-Gerd-Bracht-300x225.jpg 300w, https:\/\/sagenhafte-lieder-muensterland.de\/wordpress\/wp-content\/uploads\/2020\/11\/Studio-Foto-Gerd-Bracht.jpg 600w\" sizes=\"(max-width: 300px) 100vw, 300px\" \/><figcaption id=\"caption-attachment-145\" class=\"wp-caption-text\">Im Studio<\/figcaption><\/figure>\n<p>Eine bessere Zusammenarbeit und Unterst\u00fctzung h\u00e4tte ich mir im Studio beim Aufnehmen der CDs nicht vorstellen k\u00f6nnen. Du hast sicher auch dazu beigetragen, dass es dann 8 wurden (statt der anf\u00e4nglich geplanten einen&#8230;).<\/p>\n<p>Vielen Dank!<\/p>\n<p>&nbsp;<\/p>\n<p align=\"LEFT\"><span style=\"color: #000000;\"><span style=\"font-size: large;\">\u00a0<\/span><\/span><\/p>\n<p>&nbsp;<\/p>\n<p>&nbsp;<\/p>\n<p>&nbsp;<\/p>\n<p align=\"LEFT\"><span style=\"color: #000000;\"><span style=\"font-size: large;\">\u00a0<\/span><\/span><\/p>\n<p align=\"LEFT\">\n","protected":false},"excerpt":{"rendered":"<div class=\"entry-summary\">\nIch m\u00f6chte gerne all denjenigen danken, die direkt oder indirekt mit Unterst\u00fctzungen&hellip;\n<\/div>\n<div class=\"link-more\"><a href=\"https:\/\/sagenhafte-lieder-muensterland.de\/wordpress\/danksagungen\/\" class=\"more-link\">Continue reading<span class=\"screen-reader-text\"> &ldquo;Danksagungen&rdquo;<\/span>&hellip;<\/a><\/div>\n","protected":false},"author":2,"featured_media":0,"parent":0,"menu_order":0,"comment_status":"closed","ping_status":"closed","template":"","meta":[],"_links":{"self":[{"href":"https:\/\/sagenhafte-lieder-muensterland.de\/wordpress\/wp-json\/wp\/v2\/pages\/90"}],"collection":[{"href":"https:\/\/sagenhafte-lieder-muensterland.de\/wordpress\/wp-json\/wp\/v2\/pages"}],"about":[{"href":"https:\/\/sagenhafte-lieder-muensterland.de\/wordpress\/wp-json\/wp\/v2\/types\/page"}],"author":[{"embeddable":true,"href":"https:\/\/sagenhafte-lieder-muensterland.de\/wordpress\/wp-json\/wp\/v2\/users\/2"}],"replies":[{"embeddable":true,"href":"https:\/\/sagenhafte-lieder-muensterland.de\/wordpress\/wp-json\/wp\/v2\/comments?post=90"}],"version-history":[{"count":6,"href":"https:\/\/sagenhafte-lieder-muensterland.de\/wordpress\/wp-json\/wp\/v2\/pages\/90\/revisions"}],"predecessor-version":[{"id":444,"href":"https:\/\/sagenhafte-lieder-muensterland.de\/wordpress\/wp-json\/wp\/v2\/pages\/90\/revisions\/444"}],"wp:attachment":[{"href":"https:\/\/sagenhafte-lieder-muensterland.de\/wordpress\/wp-json\/wp\/v2\/media?parent=90"}],"curies":[{"name":"wp","href":"https:\/\/api.w.org\/{rel}","templated":true}]}}