{"id":85,"date":"2020-11-12T14:29:13","date_gmt":"2020-11-12T13:29:13","guid":{"rendered":"https:\/\/sagenhafte-lieder-muensterland.de\/wordpress\/?page_id=85"},"modified":"2021-11-01T10:47:50","modified_gmt":"2021-11-01T09:47:50","slug":"riesenbeck-und-sein-sagenhaftes-umland","status":"publish","type":"page","link":"https:\/\/sagenhafte-lieder-muensterland.de\/wordpress\/es-war-einmal-in\/riesenbeck-und-sein-sagenhaftes-umland\/","title":{"rendered":"Riesenbeck und sein sagenhaftes Umland"},"content":{"rendered":"<p class=\"western\"><img loading=\"lazy\" class=\"alignnone size-full wp-image-129\" src=\"https:\/\/sagenhafte-lieder-muensterland.de\/wordpress\/wp-content\/uploads\/2020\/11\/Ellipse-Riesenbeck-100-pixel.png\" alt=\"\" width=\"100\" height=\"99\" \/> Es war einmal in Riesenbeck&#8230;<\/p>\n<p class=\"western\">Das Dorf am Fu\u00dfe des Teutoburger Waldes wurde fr\u00fch bekannt, da sich die <b>Heilige Reinhildis<\/b>, alias S\u00fcnte Rendel, als echte Heilige posthum hier niederlie\u00df.<\/p>\n<p class=\"western\">Ein Vielzahl weiterer sagenhafter Begebenheiten, Untaten und Spukgeschichten, \u2013 selbstverst\u00e4ndlich auch aus dem \u00fcber 900 Jahre alten Birgte &#8211; sind uns bis zum heutigen Tage erhalten.<\/p>\n<p class=\"western\">Das ist den Menschen zu verdanken, die diese Geschichten archivierten, oder sogar selbst zu Papier brachten. In Riesenbeck 1851 geboren, machte <b>Rosa<\/b> Westermann, sp\u00e4tere <b>Verlage<\/b>, es sich zur Aufgabe, \u00fcberlieferte Gegebenheiten ihrer Heimat niederzuschreiben.<\/p>\n<p class=\"western\">Dass ein im M\u00fcnsterland um 1900 bekanntes Landstreicher-Ehepaar namens <b>Adam und Eva<\/b> h\u00e4ufiger nach Riesenbeck kam, wurde mir nach Angaben der Angeh\u00f6rigen einer Zeitzeugin glaubhaft versichert. Die beiden frommen Obdachlosen sollen am Hang oberhalb der Kanalbaustelle \u2013 an dem sp\u00e4ter die evangelische Kirche entstand \u2013 regelm\u00e4\u00dfig kampiert und sich als Tagel\u00f6hner den ortsans\u00e4ssigen Bauern angeboten haben.<\/p>\n<p class=\"western\">Der christliche Glauben spielt hier schon seit Jahrhunderten eine gro\u00dfe Rolle: die auch heute noch j\u00e4hrlich stattfindende Karfreitagsprozession f\u00fchrt von der Pfarrkirche an mehreren Stations-Kapellen vorbei \u00fcber eine lange Steintreppe bis auf den Kamm des Berges. Unweit der \u201eletzten Station\u201c auf dem Weg nach Gravenhorst, waren bis vor einigen Jahren noch Reste einer weit \u00fcber 1000j\u00e4hrigen <b>Buche<\/b> zu sehen \u2013 die hier vor Westfalens Christianisierung auch als heidnische Kultst\u00e4tte gedient haben mag&#8230;<\/p>\n<p class=\"western\">In unmittelbarer Umgebung der Reinhildisquelle, die vom starken Glauben des M\u00e4dchens Rendel an Gott zeugt, gab es aber auch die finsteren Gestalten der Gesellschaft.<\/p>\n<p class=\"western\">Nahe der Kirche und des Brunnens soll einer namens <b>Book<\/b> &#8211; es sei ausdr\u00fccklich zu erw\u00e4hnen, dass dieser mit keinem der Riesenbecker \u201eBooks\u201c verwandt ist \u2013 mit finsterer Magie und illegalen Machenschaften Handel betrieben haben.<\/p>\n<p class=\"western\">Man brauchte Kinder gar nicht vor ihm zu warnen \u2013 sie hielten schon aufgrund seiner d\u00fcsteren Ausstrahlung geb\u00fchrenden Abstand.<\/p>\n<p class=\"western\">Sonst aber begeben sie sich ja gerne an Orte, die die Erwachsenen als gef\u00e4hrlich einstufen. Bei den einen beliebt und den anderen gef\u00fcrchtet war immer schon das Spielen in Getreidefeldern &#8211; und wurde mit so schrecklichen Geschichten verbunden, dass es dem Nachwuchs den Aufenthalt in den Feldern verleiden sollte.<\/p>\n<figure id=\"attachment_136\" aria-describedby=\"caption-attachment-136\" style=\"width: 300px\" class=\"wp-caption alignright\"><img loading=\"lazy\" class=\"size-medium wp-image-136\" src=\"https:\/\/sagenhafte-lieder-muensterland.de\/wordpress\/wp-content\/uploads\/2020\/11\/Kreuz-im-Feld-300x225.jpg\" alt=\"\" width=\"300\" height=\"225\" srcset=\"https:\/\/sagenhafte-lieder-muensterland.de\/wordpress\/wp-content\/uploads\/2020\/11\/Kreuz-im-Feld-300x225.jpg 300w, https:\/\/sagenhafte-lieder-muensterland.de\/wordpress\/wp-content\/uploads\/2020\/11\/Kreuz-im-Feld.jpg 600w\" sizes=\"(max-width: 300px) 100vw, 300px\" \/><figcaption id=\"caption-attachment-136\" class=\"wp-caption-text\">Kreuz im Feld<\/figcaption><\/figure>\n<p class=\"western\">Apropos Feld: Bei Maig\u00e4ngen oder Radtouren haben wir schon oft ein uraltes Steinkreuz bestaunt, das unmittelbar vor der Fl\u00f6ttenbr\u00fccke am Lagerdamm steht \u2013 was es damit auf sich hat, f\u00f6rdert die Phantasie, denn keiner von uns war 1665 dabei, um N\u00e4heres \u00fcber die Umst\u00e4nde des Ablebens von Gert Bukers sagen zu k\u00f6nnen.<\/p>\n<p class=\"western\">Dass das B\u00f6se nicht nur bei Wintersonnenwende, sondern immer und \u00fcberall lauern kann, zeigt uns das <b>H\u00f6ltene Kr\u00fcz<\/b> auf dem Weg von der Ecke Postdamm\/Teutohang in Richtung der im Winter zum Rodeln beliebten \u201eFunkenwiese.\u201c Die Inschrift des S\u00fchnekreuzes besagt, dass dort im Mai 1616 ein Mann seine Frau ermordet hat. Bestimmt eine feige Eifersuchtstat.<\/p>\n<p class=\"western\">Der Eulenfelsen \u2013 der einst bei Jung und Alt so beliebte Ausflugsort \u2013 befindet sich direkt oberhalb des Kreuzes. Dort soll es eine H\u00fctte gegeben haben, in der verwaiste Zwillings<b>m\u00e4dchen<\/b> das <b>Spinn<\/b>rad bedienten, um ihren kargen Lebensunterhalt zu bestreiten, bevor sie ihr tragisches Ende an <b>Doktor&#8217;s Loch<\/b> ereilte.<\/p>\n<figure id=\"attachment_141\" aria-describedby=\"caption-attachment-141\" style=\"width: 300px\" class=\"wp-caption alignright\"><img loading=\"lazy\" class=\"size-medium wp-image-141\" src=\"https:\/\/sagenhafte-lieder-muensterland.de\/wordpress\/wp-content\/uploads\/2020\/11\/Riesenbeck-Birgte-Doktors-Loch-300x225.jpg\" alt=\"\" width=\"300\" height=\"225\" srcset=\"https:\/\/sagenhafte-lieder-muensterland.de\/wordpress\/wp-content\/uploads\/2020\/11\/Riesenbeck-Birgte-Doktors-Loch-300x225.jpg 300w, https:\/\/sagenhafte-lieder-muensterland.de\/wordpress\/wp-content\/uploads\/2020\/11\/Riesenbeck-Birgte-Doktors-Loch.jpg 600w\" sizes=\"(max-width: 300px) 100vw, 300px\" \/><figcaption id=\"caption-attachment-141\" class=\"wp-caption-text\">Doktor&#8217;s Loch<\/figcaption><\/figure>\n<p class=\"western\">Warum diese Gegend oberhalb von Birgte eigentlich den klangvollen Namen \u201eKaiserei\u201c tr\u00e4gt, wird immer ein R\u00e4tsel bleiben, aber es gibt immerhin drei Erkl\u00e4rungsans\u00e4tze.<\/p>\n<p class=\"western\">Einen <b>Hexenp\u00fctt<\/b> hat die sumpfige Gegend auch. Wer oder was darin gebrodelt hat, kann man nur ahnen&#8230;<\/p>\n<p class=\"western\">Ein unbeliebter <b>Rentmeister <\/b>namens Driemeyer spukt jedenfalls in der Kaiserei und bem\u00fcht sich, wieder zur\u00fcck zu seiner fr\u00fcheren Wirkungsst\u00e4tte, der Surenburg, zu kommen, indem er jedes Jahr zur Silvesternacht einen Hahnentritt in deren Richtung macht.<\/p>\n<p class=\"western\">Folgt man dem Hermannsweg in Richtung der D\u00f6renther Klippen, passiert man bald linker Hand den Steinbruch und befindet sich nach der n\u00e4chsten Wegbiegung im <b>Brumleytal<\/b>.<\/p>\n<p class=\"western\">Dort fanden in den letzten Kriegstagen von 1945 die schlimmsten und sinnlosesten Gefechte statt. Der sogenannte \u201eEhrenfriedhof\u201c setzt dort 43 jungen M\u00e4nnern, die zum Teil kaum 18Jahre alt gewesen waren, ein Mahnmal.<\/p>\n<p class=\"western\">Was waren es noch f\u00fcr unbeschwerte Zeiten, als die Dorfj\u00fcnglinge an lauen Sommerabenden gemeinsam loszogen, um sich auf den <b>G\u00f6tterfelsen<\/b> niederzulassen und ihr Gesang bis in das Dorf erschallte!<\/p>\n<p class=\"western\">\u00dcbrigens soll der ber\u00fchmt-ber\u00fcchtigte <b>R\u00e4uberhauptmann Feldlaum<\/b>, der mit seiner Bande die Gegend unsicher machte, nahe dieser Felsen, unterhalb des fr\u00fcheren Wasserwerkes, sogar ein Lager f\u00fcr sein Diebesgut gehabt haben. Die gut verborgene kleine Felsenh\u00f6hle dort hat er gewiss auch f\u00fcr seine unehrenhafte Zwecke nutzen k\u00f6nnen. Sein unseliges Ende ereilte Feldlaum nahe Gravenhorst: dort wurde er in flagranti mit einer gestohlenen Speckh\u00e4lfte auf dem R\u00fccken erwischt&#8230;<\/p>\n<ol>\n<li>Reise durchs sagenhafte Riesenbeck<\/li>\n<li>Rosa Verlage<\/li>\n<li>Adam und Eva<\/li>\n<li>Dicke Buche<\/li>\n<li>Reinhildis<\/li>\n<li>Ballade vom b\u00f6sen Book<\/li>\n<li>Roggenmuhme<\/li>\n<li>Wanderer im Winter<\/li>\n<li>H\u00f6ltenes Kr\u00fcz<\/li>\n<li>Spinnm\u00e4dchen<\/li>\n<li>Doktor&#8217;s Loch<\/li>\n<li>Hexenp\u00fctt<\/li>\n<li>Rentmeister&#8217;s Hahnentritt<\/li>\n<li>Brumleytal<\/li>\n<li>G\u00f6tterfelsen &amp; H\u00f6hle<\/li>\n<li>R\u00e4uberhauptmann Feldlaum<\/li>\n<\/ol>\n","protected":false},"excerpt":{"rendered":"<div class=\"entry-summary\">\nEs war einmal in Riesenbeck&#8230; Das Dorf am Fu\u00dfe des Teutoburger Waldes&hellip;\n<\/div>\n<div class=\"link-more\"><a href=\"https:\/\/sagenhafte-lieder-muensterland.de\/wordpress\/es-war-einmal-in\/riesenbeck-und-sein-sagenhaftes-umland\/\" class=\"more-link\">Continue reading<span class=\"screen-reader-text\"> &ldquo;Riesenbeck und sein sagenhaftes Umland&rdquo;<\/span>&hellip;<\/a><\/div>\n","protected":false},"author":2,"featured_media":0,"parent":47,"menu_order":0,"comment_status":"closed","ping_status":"closed","template":"","meta":[],"_links":{"self":[{"href":"https:\/\/sagenhafte-lieder-muensterland.de\/wordpress\/wp-json\/wp\/v2\/pages\/85"}],"collection":[{"href":"https:\/\/sagenhafte-lieder-muensterland.de\/wordpress\/wp-json\/wp\/v2\/pages"}],"about":[{"href":"https:\/\/sagenhafte-lieder-muensterland.de\/wordpress\/wp-json\/wp\/v2\/types\/page"}],"author":[{"embeddable":true,"href":"https:\/\/sagenhafte-lieder-muensterland.de\/wordpress\/wp-json\/wp\/v2\/users\/2"}],"replies":[{"embeddable":true,"href":"https:\/\/sagenhafte-lieder-muensterland.de\/wordpress\/wp-json\/wp\/v2\/comments?post=85"}],"version-history":[{"count":10,"href":"https:\/\/sagenhafte-lieder-muensterland.de\/wordpress\/wp-json\/wp\/v2\/pages\/85\/revisions"}],"predecessor-version":[{"id":295,"href":"https:\/\/sagenhafte-lieder-muensterland.de\/wordpress\/wp-json\/wp\/v2\/pages\/85\/revisions\/295"}],"up":[{"embeddable":true,"href":"https:\/\/sagenhafte-lieder-muensterland.de\/wordpress\/wp-json\/wp\/v2\/pages\/47"}],"wp:attachment":[{"href":"https:\/\/sagenhafte-lieder-muensterland.de\/wordpress\/wp-json\/wp\/v2\/media?parent=85"}],"curies":[{"name":"wp","href":"https:\/\/api.w.org\/{rel}","templated":true}]}}