{"id":54,"date":"2020-10-21T20:07:07","date_gmt":"2020-10-21T18:07:07","guid":{"rendered":"https:\/\/sagenhafte-lieder-muensterland.de\/wordpress\/?page_id=54"},"modified":"2020-11-12T19:58:17","modified_gmt":"2020-11-12T18:58:17","slug":"bevergern-sein-sagenhaftes-umland","status":"publish","type":"page","link":"https:\/\/sagenhafte-lieder-muensterland.de\/wordpress\/es-war-einmal-in\/bevergern-sein-sagenhaftes-umland\/","title":{"rendered":"Bevergern &#038; sein sagenhaftes Umland"},"content":{"rendered":"<p><img loading=\"lazy\" class=\"alignnone size-thumbnail wp-image-56\" src=\"https:\/\/sagenhafte-lieder-muensterland.de\/wordpress\/wp-content\/uploads\/2020\/10\/Bevergern-CD-150x150.png\" alt=\"\" width=\"150\" height=\"150\" srcset=\"https:\/\/sagenhafte-lieder-muensterland.de\/wordpress\/wp-content\/uploads\/2020\/10\/Bevergern-CD-150x150.png 150w, https:\/\/sagenhafte-lieder-muensterland.de\/wordpress\/wp-content\/uploads\/2020\/10\/Bevergern-CD-300x300.png 300w, https:\/\/sagenhafte-lieder-muensterland.de\/wordpress\/wp-content\/uploads\/2020\/10\/Bevergern-CD.png 500w\" sizes=\"(max-width: 150px) 100vw, 150px\" \/>Es war einmal in Bevergern&#8230;<\/p>\n<figure id=\"attachment_58\" aria-describedby=\"caption-attachment-58\" style=\"width: 300px\" class=\"wp-caption alignright\"><img loading=\"lazy\" class=\"wp-image-58 size-medium\" src=\"https:\/\/sagenhafte-lieder-muensterland.de\/wordpress\/wp-content\/uploads\/2020\/10\/Nasses-Dreieck-Bergeshoevede-300x225.jpg\" alt=\"\" width=\"300\" height=\"225\" srcset=\"https:\/\/sagenhafte-lieder-muensterland.de\/wordpress\/wp-content\/uploads\/2020\/10\/Nasses-Dreieck-Bergeshoevede-300x225.jpg 300w, https:\/\/sagenhafte-lieder-muensterland.de\/wordpress\/wp-content\/uploads\/2020\/10\/Nasses-Dreieck-Bergeshoevede.jpg 640w\" sizes=\"(max-width: 300px) 100vw, 300px\" \/><figcaption id=\"caption-attachment-58\" class=\"wp-caption-text\">Nasses Dreieck &#8211; Bergesh\u00f6vede<\/figcaption><\/figure>\n<p>Die zwei Kan\u00e4le, die sich bei Bergesh\u00f6vede treffen und das \u201eNasse Dreieck\u201c bilden, gab es selbstverst\u00e4ndlich noch nicht, als Bevergern mit seiner stolzen <strong>Burg<\/strong> die Stadtrechte vor \u00fcber 650Jahren erhielt.<\/p>\n<p>Damals war es eine morastige Gegend, in der auch Torf gestochen wurde. Dass es dort umgeht und noch manches <strong>Moorgespenst<\/strong> unterhalb des Kleis sein Unwesen treibt, verwundert da nicht&#8230;<\/p>\n<p>Gegen Geister und \u00e4hnliche Unholde verstand man sich in Bevergern jedoch zur Wehr zusetzen: so wurde ein <strong>Ei<\/strong> in eine Au\u00dfenwand des Klosterhofes eingemauert, um diese unliebsamen Gestalten fernzuhalten.<\/p>\n<p>Das war auch bitter n\u00f6tig: Im Sp\u00e4tmittelalter verf\u00fcgte die Burganlage in Bevergern \u00fcber eine Hinrichtungsst\u00e4tte mit Galgen, Richtblock\u00a0 und allem, was dazu geh\u00f6rt. Man schickte von M\u00fcnster zu Zeiten der Wiedert\u00e4uferbewegung h\u00e4ufig die unliebsamen Delinquenten zum weiteren Prozedere hierher.<\/p>\n<p>Eine prominente Dame namens <strong>Hille Feicken<\/strong> ereilte in Bevergern ihr unseliges Ende. Sie soll gelegentlich noch immer hier spuken und den abgetrennten Sch\u00e4del mit ihren <strong>Knochenh\u00e4nde<\/strong>n festklammern.<\/p>\n<p>Die Verbindung von M\u00fcnster nach Bevergern, die man dereinst bevorzugt in der Kutsche zur\u00fccklegte, f\u00fchrte an Greven, der <strong>Saerbecker Heide<\/strong>, dem Riesenbecker Feld und der Surenburg vorbei.<\/p>\n<p>Besonders die Passage durch Saerbecks einsame Moor- und Heidelandschaft war brandgef\u00e4hrlich: neben diversen Gespenstern waren hier auch leibhaftige R\u00e4uberbanden zugegen.<\/p>\n<p>Das seit Jahrhunderten vom Karneval gepr\u00e4gte Bevergern wusste diesem mit Humor und Lebenst\u00fcchtigkeit zu begegnen. Dass man bei Bannspr\u00fcchen die dreimaligen Wiederholungen ber\u00fccksichtigte, fand ja schlie\u00dflich auch bei den karnevalistischen Ritualen Anklang \u2013 und <strong>Dreierwalde<\/strong> tr\u00e4gt auch nicht von ungef\u00e4hr seinen Namen.<\/p>\n<p>Reiningsm\u00fchle, die Klosterm\u00fchle und Knollmann&#8217;s M\u00fchle: Bei allen dreien setzt das Wasser die m\u00e4chtigen M\u00fchlr\u00e4der in Bewegung. Dass bei diesem Get\u00f6se auch der Teufel sein angestammtes Domizil verlassen k\u00f6nnte, um am Grund des H\u00f6rsteler <strong>M\u00fchlenkolk<\/strong>s auf Wagemutige zu lauern, ist nicht unwahrscheinlich.<\/p>\n<p>In <strong>H\u00fc\u00f6rsel<\/strong>s gab es einst eine <strong>Wolfs<\/strong>plage, der man mit einer <strong>Grube<\/strong> beikommen wollte. Man zeigte sich kreativ, in dem eine Gans als Lockvogel darin deponiert wurde \u2013 die lockte aber auch noch weiteres an&#8230;<\/p>\n<p>Einfallsreichtum, Mut und Phantasie bewiesen die H\u00f6rsteler\u00a0 SPD-Genossinnen und Genossen jedenfalls beim Verstecken ihres <strong>Banner<\/strong>s, als vor \u00fcber 80Jahren die Parteienzugeh\u00f6rigkeit zur Gefahr wurde.<\/p>\n<p>Einst f\u00fcr die Zisterzienserinnen im Mittelalter erbaut, sp\u00e4ter als Ruine zur Championzucht genutzt, dann zum schmucken Kunsthaus mutiert: Das Kloster <strong>Gravenhors<\/strong><strong>t <\/strong>hat schon seine Geschichten&#8230;<\/p>\n<p>In den <strong>Rauhn\u00e4chte<\/strong>n zwischen Weihnachten und Neujahr soll es dort besonders gruselig spuken.<\/p>\n<p>Die dort ans\u00e4ssigen Nonnen aus \u201egutem Hause\u201c hatten ihre Eigenarten und wurden von der Bev\u00f6lkerung mitunter auch als Plagegeister empfunden.<\/p>\n<p>Aber wenigstens waren die <strong>N\u00f6nnekes<\/strong> recht tugendhafte Damen, die sich regelm\u00e4\u00dfig ihren Gebeten widmeten \u2013 anders ging es da in Hopsten zu:<\/p>\n<p>Hier hausten M\u00f6nche, die ihre Lehen-Bauern ausnahmen und auf deren Kosten lasterhaften Vergn\u00fcgungen nachgingen. Ihr Kloster wurde zur Strafe \u00fcberflutet und sie m\u00fcssen fortan auf dem Grund des <strong>Heiligen Meer<\/strong>es ihr Schicksal beklagen.<\/p>\n<p>Im 30j\u00e4hrigen Krieg hatten die Gravenhorster Klosterfrauen nach mehrfachen Heimsuchungen von marodierenden Truppen erbeten, in Bevergern einen sicheren Hort f\u00fcr Zeiten der Gefahr zu bekommen. Nun zog man vom Gravenhorster Kloster zum Bevergerner Klosterhof bei Nacht und Nebel \u00fcber den <strong>Nonnenpatt<\/strong>.<\/p>\n<figure id=\"attachment_57\" aria-describedby=\"caption-attachment-57\" style=\"width: 300px\" class=\"wp-caption alignright\"><img loading=\"lazy\" class=\"wp-image-57 size-medium\" src=\"https:\/\/sagenhafte-lieder-muensterland.de\/wordpress\/wp-content\/uploads\/2020\/10\/Bevergern-Hexenhoehle-300x225.jpg\" alt=\"\" width=\"300\" height=\"225\" srcset=\"https:\/\/sagenhafte-lieder-muensterland.de\/wordpress\/wp-content\/uploads\/2020\/10\/Bevergern-Hexenhoehle-300x225.jpg 300w, https:\/\/sagenhafte-lieder-muensterland.de\/wordpress\/wp-content\/uploads\/2020\/10\/Bevergern-Hexenhoehle.jpg 640w\" sizes=\"(max-width: 300px) 100vw, 300px\" \/><figcaption id=\"caption-attachment-57\" class=\"wp-caption-text\">Hexenh\u00f6hle Bevergern<\/figcaption><\/figure>\n<p>Eigentlich ein guter Plan: Man hatte nur ignoriert, dass jener Pfad sich am Huckberg entlang schl\u00e4ngelt \u2013 und der ist bekanntlich von ganz anderen Kreaturen besiedelt. Wer kennt sie nicht, die ber\u00fchmt-ber\u00fcchtigte <strong>Hexenh\u00f6hle<\/strong>?!<\/p>\n<ol>\n<li>Reise durchs sagenhafte Bevergern<\/li>\n<li>Burgenstadt Bevergern<\/li>\n<li>Moorgeister<\/li>\n<li>Das Ei<\/li>\n<li>Hille Feicken &amp; von Waldeck<\/li>\n<li>Wo Knochenh\u00e4nde klammern<\/li>\n<li>Saerbecker Heide<\/li>\n<li>Drei-erwalde<\/li>\n<li>M\u00fchlenkolk<\/li>\n<li>Wolfsgrube H\u00fc\u00f6rsel<\/li>\n<li>Verschollene Fahne<\/li>\n<li>Rauhnacht in Gravenhorst<\/li>\n<li>N\u00f6nnekes von Gravenhorst<\/li>\n<li>Heiliges Meer<\/li>\n<li>Nonnenp\u00e4ttken<\/li>\n<li>Hexenh\u00f6hle<\/li>\n<\/ol>\n<p>&nbsp;<\/p>\n","protected":false},"excerpt":{"rendered":"<div class=\"entry-summary\">\nEs war einmal in Bevergern&#8230; Die zwei Kan\u00e4le, die sich bei Bergesh\u00f6vede&hellip;\n<\/div>\n<div class=\"link-more\"><a href=\"https:\/\/sagenhafte-lieder-muensterland.de\/wordpress\/es-war-einmal-in\/bevergern-sein-sagenhaftes-umland\/\" class=\"more-link\">Continue reading<span class=\"screen-reader-text\"> &ldquo;Bevergern &#038; sein sagenhaftes Umland&rdquo;<\/span>&hellip;<\/a><\/div>\n","protected":false},"author":1,"featured_media":0,"parent":47,"menu_order":0,"comment_status":"closed","ping_status":"closed","template":"","meta":[],"_links":{"self":[{"href":"https:\/\/sagenhafte-lieder-muensterland.de\/wordpress\/wp-json\/wp\/v2\/pages\/54"}],"collection":[{"href":"https:\/\/sagenhafte-lieder-muensterland.de\/wordpress\/wp-json\/wp\/v2\/pages"}],"about":[{"href":"https:\/\/sagenhafte-lieder-muensterland.de\/wordpress\/wp-json\/wp\/v2\/types\/page"}],"author":[{"embeddable":true,"href":"https:\/\/sagenhafte-lieder-muensterland.de\/wordpress\/wp-json\/wp\/v2\/users\/1"}],"replies":[{"embeddable":true,"href":"https:\/\/sagenhafte-lieder-muensterland.de\/wordpress\/wp-json\/wp\/v2\/comments?post=54"}],"version-history":[{"count":15,"href":"https:\/\/sagenhafte-lieder-muensterland.de\/wordpress\/wp-json\/wp\/v2\/pages\/54\/revisions"}],"predecessor-version":[{"id":193,"href":"https:\/\/sagenhafte-lieder-muensterland.de\/wordpress\/wp-json\/wp\/v2\/pages\/54\/revisions\/193"}],"up":[{"embeddable":true,"href":"https:\/\/sagenhafte-lieder-muensterland.de\/wordpress\/wp-json\/wp\/v2\/pages\/47"}],"wp:attachment":[{"href":"https:\/\/sagenhafte-lieder-muensterland.de\/wordpress\/wp-json\/wp\/v2\/media?parent=54"}],"curies":[{"name":"wp","href":"https:\/\/api.w.org\/{rel}","templated":true}]}}