{"id":47,"date":"2020-10-21T19:07:41","date_gmt":"2020-10-21T17:07:41","guid":{"rendered":"https:\/\/sagenhafte-lieder-muensterland.de\/wordpress\/?page_id=47"},"modified":"2021-11-01T10:49:28","modified_gmt":"2021-11-01T09:49:28","slug":"es-war-einmal-in","status":"publish","type":"page","link":"https:\/\/sagenhafte-lieder-muensterland.de\/wordpress\/es-war-einmal-in\/","title":{"rendered":"Es war einmal in &#8230;"},"content":{"rendered":"<p><img loading=\"lazy\" class=\"size-medium wp-image-50 alignleft\" title=\"Zum Vergr\u00f6\u00dfern bitte anklicken\" src=\"https:\/\/sagenhafte-lieder-muensterland.de\/wordpress\/wp-content\/uploads\/2020\/10\/Live-Bild-Foto-Karl-Gunia-195x300.jpg\" alt=\"\" width=\"195\" height=\"300\" srcset=\"https:\/\/sagenhafte-lieder-muensterland.de\/wordpress\/wp-content\/uploads\/2020\/10\/Live-Bild-Foto-Karl-Gunia-195x300.jpg 195w, https:\/\/sagenhafte-lieder-muensterland.de\/wordpress\/wp-content\/uploads\/2020\/10\/Live-Bild-Foto-Karl-Gunia.jpg 235w\" sizes=\"(max-width: 195px) 100vw, 195px\" \/>Der B\u00e4nkelgesang-Zyklus \u201e<strong>Sagenhafte Lieder aus dem M\u00fcnsterland<\/strong>\u201c von Gudrun Gunia beinhaltet 8 gesungene Reisen durch verschiedene Orte, St\u00e4dte und Regionen des M\u00fcnsterlandes.<\/p>\n<p>Jede davon ist seit Herbst 2020 auf einer CD mit 16 Lieder\u00a0 verewigt.<\/p>\n<p>Im jeweils 1. Titel erz\u00e4hlt die S\u00e4ngerin zun\u00e4chst, welche Etappen auf der Musik-Reise besungen werden und wie diese miteinander in Verbindung stehen.<\/p>\n<!--[if lt IE 9]><script>document.createElement('audio');<\/script><![endif]-->\n<audio class=\"wp-audio-shortcode\" id=\"audio-47-1\" preload=\"none\" style=\"width: 100%;\" controls=\"controls\"><source type=\"audio\/mpeg\" src=\"https:\/\/sagenhafte-lieder-muensterland.de\/wordpress\/wp-content\/uploads\/2020\/11\/Alle-Ansagen-ineinander-gemischt.mp3?_=1\" \/><a href=\"https:\/\/sagenhafte-lieder-muensterland.de\/wordpress\/wp-content\/uploads\/2020\/11\/Alle-Ansagen-ineinander-gemischt.mp3\">https:\/\/sagenhafte-lieder-muensterland.de\/wordpress\/wp-content\/uploads\/2020\/11\/Alle-Ansagen-ineinander-gemischt.mp3<\/a><\/audio>\n<p><strong><em>\u201eJetzt aber habe ich genug erz\u00e4hlt.\u00a0 <\/em><\/strong><strong><em>Als B\u00e4nkels\u00e4ngerin gebe ich mir nun die Ehre, singend zu berichten<\/em><\/strong>.\u201c<\/p>\n<figure id=\"attachment_71\" aria-describedby=\"caption-attachment-71\" style=\"width: 300px\" class=\"wp-caption alignright\"><a href=\"https:\/\/sagenhafte-lieder-muensterland.de\/wordpress\/wp-content\/uploads\/2020\/10\/Kartenzeichnung-OdG-Form-El.png\"><img loading=\"lazy\" class=\"wp-image-71 size-medium\" src=\"https:\/\/sagenhafte-lieder-muensterland.de\/wordpress\/wp-content\/uploads\/2020\/10\/Kartenzeichnung-OdG-Form-El-300x293.png\" alt=\"Zum Vergr\u00f6\u00dfern bitte klicken\" width=\"300\" height=\"293\" srcset=\"https:\/\/sagenhafte-lieder-muensterland.de\/wordpress\/wp-content\/uploads\/2020\/10\/Kartenzeichnung-OdG-Form-El-300x293.png 300w, https:\/\/sagenhafte-lieder-muensterland.de\/wordpress\/wp-content\/uploads\/2020\/10\/Kartenzeichnung-OdG-Form-El-768x750.png 768w, https:\/\/sagenhafte-lieder-muensterland.de\/wordpress\/wp-content\/uploads\/2020\/10\/Kartenzeichnung-OdG-Form-El.png 1000w\" sizes=\"(max-width: 300px) 100vw, 300px\" \/><\/a><figcaption id=\"caption-attachment-71\" class=\"wp-caption-text\">Alle Orte der M\u00fcnsterland-Reise auf einen Blick<\/figcaption><\/figure>\n<p>Nach der einleitenden Zusammenfassung der jeweiligen \u201eReise durchs sagenhafte&#8230;\u201c\u00a0 folgt dieser Standardsatz und Gudrun Gunia liefert darauf eine gesungenen Version des gerade vorgelesenen Textes.<\/p>\n<p>Diese musikalische Inhaltsangabe dient der Einstimmung in die nun folgenden Titel.<\/p>\n","protected":false},"excerpt":{"rendered":"<div class=\"entry-summary\">\nDer B\u00e4nkelgesang-Zyklus \u201eSagenhafte Lieder aus dem M\u00fcnsterland\u201c von Gudrun Gunia beinhaltet 8&hellip;\n<\/div>\n<div class=\"link-more\"><a href=\"https:\/\/sagenhafte-lieder-muensterland.de\/wordpress\/es-war-einmal-in\/\" class=\"more-link\">Continue reading<span class=\"screen-reader-text\"> &ldquo;Es war einmal in &#8230;&rdquo;<\/span>&hellip;<\/a><\/div>\n","protected":false},"author":2,"featured_media":0,"parent":0,"menu_order":0,"comment_status":"closed","ping_status":"closed","template":"","meta":[],"_links":{"self":[{"href":"https:\/\/sagenhafte-lieder-muensterland.de\/wordpress\/wp-json\/wp\/v2\/pages\/47"}],"collection":[{"href":"https:\/\/sagenhafte-lieder-muensterland.de\/wordpress\/wp-json\/wp\/v2\/pages"}],"about":[{"href":"https:\/\/sagenhafte-lieder-muensterland.de\/wordpress\/wp-json\/wp\/v2\/types\/page"}],"author":[{"embeddable":true,"href":"https:\/\/sagenhafte-lieder-muensterland.de\/wordpress\/wp-json\/wp\/v2\/users\/2"}],"replies":[{"embeddable":true,"href":"https:\/\/sagenhafte-lieder-muensterland.de\/wordpress\/wp-json\/wp\/v2\/comments?post=47"}],"version-history":[{"count":16,"href":"https:\/\/sagenhafte-lieder-muensterland.de\/wordpress\/wp-json\/wp\/v2\/pages\/47\/revisions"}],"predecessor-version":[{"id":296,"href":"https:\/\/sagenhafte-lieder-muensterland.de\/wordpress\/wp-json\/wp\/v2\/pages\/47\/revisions\/296"}],"wp:attachment":[{"href":"https:\/\/sagenhafte-lieder-muensterland.de\/wordpress\/wp-json\/wp\/v2\/media?parent=47"}],"curies":[{"name":"wp","href":"https:\/\/api.w.org\/{rel}","templated":true}]}}