{"id":331,"date":"2022-03-02T08:05:33","date_gmt":"2022-03-02T07:05:33","guid":{"rendered":"https:\/\/sagenhafte-lieder-muensterland.de\/wordpress\/?page_id=331"},"modified":"2022-03-05T09:49:27","modified_gmt":"2022-03-05T08:49:27","slug":"notenbeispiele","status":"publish","type":"page","link":"https:\/\/sagenhafte-lieder-muensterland.de\/wordpress\/ein-sagenhaftes-liederbuch-aus-dem-muensterland\/notenbeispiele\/","title":{"rendered":"Notenbeispiele"},"content":{"rendered":"<p><strong>Beispiel f\u00fcr eine Chorbearbeitung<\/strong><img loading=\"lazy\" class=\"aligncenter size-full wp-image-333\" src=\"https:\/\/sagenhafte-lieder-muensterland.de\/wordpress\/wp-content\/uploads\/2022\/03\/reinhildis-chor-muster.png\" alt=\"\" width=\"1654\" height=\"2339\" srcset=\"https:\/\/sagenhafte-lieder-muensterland.de\/wordpress\/wp-content\/uploads\/2022\/03\/reinhildis-chor-muster.png 1654w, https:\/\/sagenhafte-lieder-muensterland.de\/wordpress\/wp-content\/uploads\/2022\/03\/reinhildis-chor-muster-212x300.png 212w, https:\/\/sagenhafte-lieder-muensterland.de\/wordpress\/wp-content\/uploads\/2022\/03\/reinhildis-chor-muster-724x1024.png 724w, https:\/\/sagenhafte-lieder-muensterland.de\/wordpress\/wp-content\/uploads\/2022\/03\/reinhildis-chor-muster-768x1086.png 768w, https:\/\/sagenhafte-lieder-muensterland.de\/wordpress\/wp-content\/uploads\/2022\/03\/reinhildis-chor-muster-1086x1536.png 1086w, https:\/\/sagenhafte-lieder-muensterland.de\/wordpress\/wp-content\/uploads\/2022\/03\/reinhildis-chor-muster-1448x2048.png 1448w\" sizes=\"(max-width: 1654px) 100vw, 1654px\" \/><\/p>\n<p>&nbsp;<\/p>\n<p><strong>Das Sagenhafte Liederbuch aus dem M\u00fcnsterland hat im Original DIN A4 Gr\u00f6\u00dfe<\/strong><\/p>\n<p><img loading=\"lazy\" class=\"aligncenter size-full wp-image-334\" src=\"https:\/\/sagenhafte-lieder-muensterland.de\/wordpress\/wp-content\/uploads\/2022\/03\/rabke-muster.png\" alt=\"\" width=\"1500\" height=\"1079\" srcset=\"https:\/\/sagenhafte-lieder-muensterland.de\/wordpress\/wp-content\/uploads\/2022\/03\/rabke-muster.png 1500w, https:\/\/sagenhafte-lieder-muensterland.de\/wordpress\/wp-content\/uploads\/2022\/03\/rabke-muster-300x216.png 300w, https:\/\/sagenhafte-lieder-muensterland.de\/wordpress\/wp-content\/uploads\/2022\/03\/rabke-muster-1024x737.png 1024w, https:\/\/sagenhafte-lieder-muensterland.de\/wordpress\/wp-content\/uploads\/2022\/03\/rabke-muster-768x552.png 768w\" sizes=\"(max-width: 1500px) 100vw, 1500px\" \/><\/p>\n<p>&nbsp;<\/p>\n<p><strong>Ein weiteres Notationsbeispiel im verkleinerten Format<\/strong><\/p>\n<p><img loading=\"lazy\" class=\"aligncenter size-full wp-image-332\" src=\"https:\/\/sagenhafte-lieder-muensterland.de\/wordpress\/wp-content\/uploads\/2022\/03\/paula-und-Dodo-jpg.png\" alt=\"\" width=\"1500\" height=\"1112\" srcset=\"https:\/\/sagenhafte-lieder-muensterland.de\/wordpress\/wp-content\/uploads\/2022\/03\/paula-und-Dodo-jpg.png 1500w, https:\/\/sagenhafte-lieder-muensterland.de\/wordpress\/wp-content\/uploads\/2022\/03\/paula-und-Dodo-jpg-300x222.png 300w, https:\/\/sagenhafte-lieder-muensterland.de\/wordpress\/wp-content\/uploads\/2022\/03\/paula-und-Dodo-jpg-1024x759.png 1024w, https:\/\/sagenhafte-lieder-muensterland.de\/wordpress\/wp-content\/uploads\/2022\/03\/paula-und-Dodo-jpg-768x569.png 768w\" sizes=\"(max-width: 1500px) 100vw, 1500px\" \/><\/p>\n<p>&nbsp;<\/p>\n<p>&nbsp;<\/p>\n","protected":false},"excerpt":{"rendered":"<div class=\"entry-summary\">\nBeispiel f\u00fcr eine Chorbearbeitung &nbsp; Das Sagenhafte Liederbuch aus dem M\u00fcnsterland hat&hellip;\n<\/div>\n<div class=\"link-more\"><a href=\"https:\/\/sagenhafte-lieder-muensterland.de\/wordpress\/ein-sagenhaftes-liederbuch-aus-dem-muensterland\/notenbeispiele\/\" class=\"more-link\">Continue reading<span class=\"screen-reader-text\"> &ldquo;Notenbeispiele&rdquo;<\/span>&hellip;<\/a><\/div>\n","protected":false},"author":1,"featured_media":0,"parent":300,"menu_order":0,"comment_status":"closed","ping_status":"closed","template":"","meta":[],"_links":{"self":[{"href":"https:\/\/sagenhafte-lieder-muensterland.de\/wordpress\/wp-json\/wp\/v2\/pages\/331"}],"collection":[{"href":"https:\/\/sagenhafte-lieder-muensterland.de\/wordpress\/wp-json\/wp\/v2\/pages"}],"about":[{"href":"https:\/\/sagenhafte-lieder-muensterland.de\/wordpress\/wp-json\/wp\/v2\/types\/page"}],"author":[{"embeddable":true,"href":"https:\/\/sagenhafte-lieder-muensterland.de\/wordpress\/wp-json\/wp\/v2\/users\/1"}],"replies":[{"embeddable":true,"href":"https:\/\/sagenhafte-lieder-muensterland.de\/wordpress\/wp-json\/wp\/v2\/comments?post=331"}],"version-history":[{"count":4,"href":"https:\/\/sagenhafte-lieder-muensterland.de\/wordpress\/wp-json\/wp\/v2\/pages\/331\/revisions"}],"predecessor-version":[{"id":359,"href":"https:\/\/sagenhafte-lieder-muensterland.de\/wordpress\/wp-json\/wp\/v2\/pages\/331\/revisions\/359"}],"up":[{"embeddable":true,"href":"https:\/\/sagenhafte-lieder-muensterland.de\/wordpress\/wp-json\/wp\/v2\/pages\/300"}],"wp:attachment":[{"href":"https:\/\/sagenhafte-lieder-muensterland.de\/wordpress\/wp-json\/wp\/v2\/media?parent=331"}],"curies":[{"name":"wp","href":"https:\/\/api.w.org\/{rel}","templated":true}]}}