{"id":313,"date":"2022-02-26T14:46:13","date_gmt":"2022-02-26T13:46:13","guid":{"rendered":"https:\/\/sagenhafte-lieder-muensterland.de\/wordpress\/?page_id=313"},"modified":"2022-06-16T09:25:28","modified_gmt":"2022-06-16T07:25:28","slug":"inhalt-des-liederbuchs","status":"publish","type":"page","link":"https:\/\/sagenhafte-lieder-muensterland.de\/wordpress\/ein-sagenhaftes-liederbuch-aus-dem-muensterland\/inhalt-des-liederbuchs\/","title":{"rendered":"Inhalte der Liederb\u00fccher"},"content":{"rendered":"<h2>Lieder \u00fcber Sagen, Legenden &amp; Anekdoten des alten M\u00fcnsterlandes von Gudrun Gunia<\/h2>\n<p>Teils mit Chor-Notationen zum Mitsingen<br \/>\nNoten &amp; Texte mit Akkordbezifferungen<\/p>\n<h3>Band 1:<\/h3>\n<p>Titel &#8211; <span style=\"font-size: 0.7em;\">erschienen auf CD<\/span><\/p>\n<ol>\n<li>Adam und Eva &#8211; <span style=\"font-size: 0.7em;\"><span style=\"font-size: 0.7em;\">Riesenbeck und sein sagenhaftes Umland (Gudrun Gunia 2020)<\/span><\/span><\/li>\n<li>Ballade vom B\u00f6sen Book &#8211; <span style=\"font-size: 0.7em;\">Riesenbeck und sein sagenhaftes Umland (Gudrun Gunia 2020)<\/span><\/li>\n<li>B\u00e4nkels\u00e4nger &#8211; <span style=\"font-size: 0.7em;\">M\u00fcnster und sein sagenhaftes Umland (Gudrun Gunia 2020)<\/span><\/li>\n<li>Beckum &#8211; <span style=\"font-size: 0.7em;\">Sagenhaftes S\u00fcdliches M\u00fcnsterland (Gudrun Gunia 2020)\/Deutliche Worte (Gudrun Gunia 2021)<\/span><\/li>\n<li>Biekiesel &#8211; <span style=\"font-size: 0.7em;\">Ibbenb\u00fcren und sein sagenhaftes Umland (Gudrun Gunia 2020)<\/span><\/li>\n<li>Das Ei &#8211; <span style=\"font-size: 0.7em;\">Bevergern und sein sagenhaftes Umland (Gudrun Gunia 2020)<\/span><\/li>\n<li>Der Goldene Hahn &#8211; <span style=\"font-size: 0.7em;\">Deutliche Worte (Gudrun Gunia 2021)<br \/>\nDer Hahn (Up-Tempo-Version) &#8211; <span style=\"font-size: 0.7em;\">M\u00fcnster und sein sagenhaftes Umland (Gudrun Gunia 2020)<\/span><\/span><\/li>\n<li>Der letzte Wolf &#8211; <span style=\"font-size: 0.7em;\">Ibbenb\u00fcren und sein sagenhaftes Umland (Gudrun Gunia 2020)<\/span><\/li>\n<li>D\u00f6\u00fcvel von Ennigerloh &#8211; <span style=\"font-size: 0.7em;\">Sagenhaftes Umland von Ems und Bever (Gudrun Gunia 2020)<\/span><\/li>\n<li>Drei &#8211; <span style=\"font-size: 0.7em;\">Ibbenb\u00fcren und sein sagenhaftes Umland (Gudrun Gunia 2020)<br \/>\nDrei (-erwalde)\u00a0 &#8211; Bevergern und sein sagenhaftes Umland (Gudrun Gunia 2020)<br \/>\nDreie\u00a0 &#8211; Deutliche Worte (Gudrun Gunia 2021)<\/span><\/li>\n<li>Drei Kr\u00e4hen &#8211; <span style=\"font-size: 0.7em;\">Rheine und sein sagenhaftes Umland (Gudrun Gunia 2020)<\/span><\/li>\n<li>D\u00fcvelskerke &#8211; <span style=\"font-size: 0.7em;\">Tecklenburg und sein sagenhaftes Umland (Gudrun Gunia 2020)<\/span><\/li>\n<li>Emssilber\u00a0&#8211; <span style=\"font-size: 0.7em;\">Rheine und sein sagenhaftes Umland (Gudrun Gunia 2020)<br \/>\nEmssilber &#8211; Deutliche Worte (Gudrun Gunia 2021)<\/span><\/li>\n<li>Fahrl\u00e4ssiger Kupferschmied &#8211; <span style=\"font-size: 0.7em;\">Sagenhaftes S\u00fcdliches M\u00fcnsterland (Gudrun Gunia 2020)<\/span><\/li>\n<li>Fledermaush\u00f6hle &#8211; <span style=\"font-size: 0.7em;\">Tecklenburg und sein sagenhaftes Umland (Gudrun Gunia 2020)<br \/>\nFledermaush\u00f6hle &#8211; Deutliche Worte (Gudrun Gunia 2021)<\/span><\/li>\n<li>Geisterschloss &#8211; <span style=\"font-size: 0.7em;\">Tecklenburg und sein sagenhaftes Umland (Gudrun Gunia 2020)<\/span><\/li>\n<li>Glockenkuhle\u00a0 &#8211; <span style=\"font-size: 0.7em;\">Sagenhaftes Umland von Ems und Bever (Gudrun Gunia 2020)<\/span><\/li>\n<li>Greta B\u00fcnichmann &#8211; <span style=\"font-size: 0.7em;\">M\u00fcnster und sein sagenhaftes Umland (Gudrun Gunia 2020)<\/span><\/li>\n<li>Grinkenschmidt &#8211; <span style=\"font-size: 0.7em;\">M\u00fcnster und sein sagenhaftes Umland (Gudrun Gunia 2020)<\/span><\/li>\n<li>Heiligenkamp zu Laer &#8211; <span style=\"font-size: 0.7em;\">Sagenhaftes S\u00fcdliches M\u00fcnsterland (Gudrun Gunia 2020)<\/span><\/li>\n<li>Heiliges Meer &#8211; <span style=\"font-size: 0.7em;\">Bevergern und sein sagenhaftes Umland (Gudrun Gunia 2020)<\/span><\/li>\n<li>Hexenh\u00f6hle &#8211; <span style=\"font-size: 0.7em;\">Bevergern und sein sagenhaftes Umland (Gudrun Gunia 2020)<br \/>\nHexenh\u00f6hle &#8211; Deutliche Worte (Gudrun Gunia 2021)<\/span><\/li>\n<li>Hille Feicken &#8211; <span style=\"font-size: 0.7em;\">Bevergern und sein sagenhaftes Umland (Gudrun Gunia 2020)<br \/>\nHille Feickens Chor &#8211; M\u00fcnster und sein sagenhaftes Umland (Gudrun Gunia 2020)<\/span><\/li>\n<li>Hockem\u00e4nnchen &#8211; <span style=\"font-size: 0.7em;\">Sagenhaftes S\u00fcdliches M\u00fcnsterland (Gudrun Gunia 2020)<br \/>\nHockem\u00e4nnchen &#8211; <Deutliche Worte (Gudrun Gunia 2021)<\/span><\/li>\n<li>Hockendes Weib &#8211; <span style=\"font-size: 0.7em;\">Ibbenb\u00fcren und sein sagenhaftes Umland (Gudrun Gunia 2020)<br \/>\nHockendes Weib &#8211; Deutliche Worte (Gudrun Gunia 2021)<\/span><\/li>\n<li>H\u00fcnengr\u00e4ber\u00a0 &#8211; <span style=\"font-size: 0.7em;\">Tecklenburg und sein sagenhaftes Umland (Gudrun Gunia 2020)<\/span><\/li>\n<li>J\u00fcfferken von Halstenbeck &#8211; <span style=\"font-size: 0.7em;\">Sagenhaftes Umland von Ems und Bever (Gudrun Gunia 2020)<\/span><\/li>\n<li>Jungfer Eli &#8211; <span style=\"font-size: 0.7em;\">Sagenhaftes Umland von Ems und Bever (Gudrun Gunia 2020)<br \/>\nJungfer Eli &#8211; Deutliche Worte (Gudrun Gunia 2021)<\/span><\/li>\n<li>Junkerschicksal &#8211; <span style=\"font-size: 0.7em;\">Ibbenb\u00fcren und sein sagenhaftes Umland (Gudrun Gunia 2020)<\/span><\/li>\n<li>Kattenvenner Moor &#8211; <span style=\"font-size: 0.7em;\">Tecklenburg und sein sagenhaftes Umland (Gudrun Gunia 2020)<\/span><\/li>\n<li>K\u00f6nig der Hohen Ward &#8211; <span style=\"font-size: 0.7em;\">Sagenhaftes S\u00fcdliches M\u00fcnsterland (Gudrun Gunia 2020)<\/span><\/li>\n<li>\u00a0Lamberts Halsband\u00a0 \u00a0 &#8211; <span style=\"font-size: 0.7em;\">M\u00fcnster und sein sagenhaftes Umland (Gudrun Gunia 2020)<\/span><\/li>\n<li>Leprahaus &#8211; <span style=\"font-size: 0.7em;\">M\u00fcnster und sein sagenhaftes Umland (Gudrun Gunia 2020)<\/span><\/li>\n<li>Maria W. &#8211; <span style=\"font-size: 0.7em;\">Ibbenb\u00fcren und sein sagenhaftes Umland (Gudrun Gunia 2020)<\/span><\/li>\n<li>M\u00fchlenkolk &#8211; <span style=\"font-size: 0.7em;\">Bevergern und sein sagenhaftes Umland (Gudrun Gunia 2020)<\/span><\/li>\n<li>Nachtm\u00e4hr &#8211; <span style=\"font-size: 0.7em;\">Rheine und sein sagenhaftes Umland (Gudrun Gunia 2020)<\/span><\/li>\n<li>Nobis Krug &#8211; <span style=\"font-size: 0.7em;\">M\u00fcnster und sein sagenhaftes Umland (Gudrun Gunia 2020)<\/span><\/li>\n<li>Nonnenp\u00e4ttken &#8211; <span style=\"font-size: 0.7em;\">Bevergern und sein sagenhaftes Umland (Gudrun Gunia 2020)<\/span><\/li>\n<li>Paula und Dodo &#8211; <span style=\"font-size: 0.7em;\">Tecklenburg und sein sagenhaftes Umland (Gudrun Gunia 2020)<\/span><\/li>\n<li>Rabke &#8211; <span style=\"font-size: 0.7em;\">Ibbenb\u00fcren und sein sagenhaftes Umland (Gudrun Gunia 2020)<\/span><\/li>\n<li>R\u00e4uberhauptmann Feldlaum &#8211; <span style=\"font-size: 0.7em;\">Riesenbeck und sein sagenhaftes Umland (Gudrun Gunia 2020)<\/span><\/li>\n<li>Reinhildis &#8211; <span style=\"font-size: 0.7em;\">Riesenbeck und sein sagenhaftes Umland (Gudrun Gunia 2020)<\/span><\/li>\n<li>Rentmeisters Hahnentritt &#8211; <span style=\"font-size: 0.7em;\">Riesenbeck und sein sagenhaftes Umland (Gudrun Gunia 2020)<\/span><\/li>\n<li>Rheine Riesen &#8211; <span style=\"font-size: 0.7em;\">Rheine und sein sagenhaftes Umland (Gudrun Gunia 2020)<\/span><\/li>\n<li>Roggenmuhme\u00a0 &#8211; <span style=\"font-size: 0.7em;\">Riesenbeck und sein sagenhaftes Umland (Gudrun Gunia 2020)<\/span><\/li>\n<li>Schenkewald &#8211; <span style=\"font-size: 0.7em;\">Sagenhaftes S\u00fcdliches M\u00fcnsterland (Gudrun Gunia 2020)<\/span><\/li>\n<li>Schwarzes Brot &#8211; <span style=\"font-size: 0.7em;\">Rheine und sein sagenhaftes Umland (Gudrun Gunia 2020)<\/span><\/li>\n<li>Spinnm\u00e4dchen &#8211; <span style=\"font-size: 0.7em;\">Riesenbeck und sein sagenhaftes Umland (Gudrun Gunia 2020)<\/span><\/li>\n<li>Teinuhrshund &#8211; <span style=\"font-size: 0.7em;\">Rheine und sein sagenhaftes Umland (Gudrun Gunia 2020)<\/span><\/li>\n<li>Telgter Leintuch &#8211; <span style=\"font-size: 0.7em;\">Sagenhaftes Umland von Ems und Bever (Gudrun Gunia 2020)<\/span><\/li>\n<li>Teufelsliet &#8211; <span style=\"font-size: 0.7em;\">Ibbenb\u00fcren und sein sagenhaftes Umland (Gudrun Gunia 2020)<\/span><\/li>\n<li>Veits Pudel &#8211; <span style=\"font-size: 0.7em;\">Rheine und sein sagenhaftes Umland (Gudrun Gunia 2020)<\/span><\/li>\n<li>Wanderer im Winter &#8211; <span style=\"font-size: 0.7em;\">Riesenbeck und sein sagenhaftes Umland (Gudrun Gunia 2020)<\/span><\/li>\n<li>Wasserm\u00fchlen &#8211; <span style=\"font-size: 0.7em;\">Sagenhaftes Umland von Ems und Bever (Gudrun Gunia 2020)<br \/>\nWasserm\u00fchlen &#8211; Deutliche Worte (Gudrun Gunia 2021)<\/span><\/li>\n<li>Wegekreuze &#8211; <span style=\"font-size: 0.7em;\">Ibbenb\u00fcren und sein sagenhaftes Umland (Gudrun Gunia 2020)<\/span><\/li>\n<li>Weisse Frau &#8211; <span style=\"font-size: 0.7em;\">Tecklenburg und sein sagenhaftes Umland (Gudrun Gunia 2020)<br \/>\nWeisse Frau\u00a0&#8211; Deutliche Worte (Gudrun Gunia 2021)<\/span><\/li>\n<li>Wiedert\u00e4ufer &#8211; <span style=\"font-size: 0.7em;\">M\u00fcnster und sein sagenhaftes Umland (Gudrun Gunia 2020)<\/span><\/li>\n<li>Wo Knochenh\u00e4nde klammern &#8211; <span style=\"font-size: 0.7em;\">Bevergern und sein sagenhaftes Umland (Gudrun Gunia 2020)<\/span><\/li>\n<li>Wolbecker Revolution &#8211; <span style=\"font-size: 0.7em;\">M\u00fcnster und sein sagenhaftes Umland (Gudrun Gunia 2020)<br \/>\nWolbecker Revolution &#8211; <span style=\"font-size: 0.7em;\">Deutliche Worte (Gudrun Gunia 2021)<\/span><\/span><\/li>\n<li>Wolfsgrube von H\u00fc\u00f6rsel &#8211; <span style=\"font-size: 0.7em;\">Bevergern und sein sagenhaftes Umland (Gudrun Gunia 2020)<\/span><\/li>\n<li style=\"list-style: none;\"><span style=\"font-size: 0.7em; margin-left: -25px;\">Zugabe:<\/span> S\u00fcnte Rendel\/Reinhildis Sagenhafter B\u00e4nkel-Chorgesang,  &#8211; <span style=\"font-size: 0.7em;\">Erscheinungsdatum vorraussichtlich 11\/2022<\/span><\/li>\n<\/ol>\n<h3>Band 2<\/h3>\n<p>Titel &#8211; <span style=\"font-size: 0.7em;\">erschienen auf CD<\/span><\/p>\n<ol>\n<li>Aoltwiwerkuhle &#8211; <span style=\"font-size: 0.7em;\">Sagenhaftes Umland von Ems und Bever (Gudrun Gunia 2020)<\/span><\/li>\n<li>Brumleytal &#8211; <span style=\"font-size: 0.7em;\">Riesenbeck und sein sagenhaftes Umland (Gudrun Gunia 2020)<\/span><\/li>\n<li>Burg Sch\u00f6neflieth &#8211; <span style=\"font-size: 0.7em;\">Sagenhaftes Umland von Ems und Bever (Gudrun Gunia 2020)<\/span><\/li>\n<li>Burgenstadt Bevergern &#8211; <span style=\"font-size: 0.7em;\">Bevergern und sein sagenhaftes Umland (Gudrun Gunia 2020)<\/span><\/li>\n<li>Cobbos Ruh &#8211; <span style=\"font-size: 0.7em;\">Tecklenburg und sein sagenhaftes Umland (Gudrun Gunia 2020)<\/span><\/li>\n<li>Colon Determeyer &#8211; <span style=\"font-size: 0.7em;\">Ibbenb\u00fcren und sein sagenhaftes Umland (Gudrun Gunia 2020)<\/span><\/li>\n<li>Dicke Buche &#8211; <span style=\"font-size: 0.7em;\">Riesenbeck und sein sagenhaftes Umland (Gudrun Gunia 2020)<\/span><\/li>\n<li>Die Davert &#8211; <span style=\"font-size: 0.7em;\">Sagenhaftes S\u00fcdliches M\u00fcnsterland (Gudrun Gunia 2020)<\/span><\/li>\n<li>Doktor\u2019s Loch &#8211; <span style=\"font-size: 0.7em;\">Riesenbeck und sein sagenhaftes Umland (Gudrun Gunia 2020)<\/span><\/li>\n<li>D\u00f6renther Festung &#8211; <span style=\"font-size: 0.7em;\">Ibbenb\u00fcren und sein sagenhaftes Umland (Gudrun Gunia)<\/span><\/li>\n<li>Drensteinfurter Schatz &#8211; <span style=\"font-size: 0.7em;\">Sagenhaftes S\u00fcdliches M\u00fcnsterland (Gudrun Gunia 2020)<\/span><\/li>\n<li>Duvensteine&amp;Grafentafel &#8211; <span style=\"font-size: 0.7em;\">Tecklenburg und sein sagenhaftes Umland (Gudrun Gunia 2020)<\/span><\/li>\n<li>Eiserne Jungfrau &#8211; <span style=\"font-size: 0.7em;\">M\u00fcnster und sein sagenhaftes Umland (Gudrun Gunia 2020)<\/span><\/li>\n<li>Eiserner Stuhl zu Hamm &#8211; <span style=\"font-size: 0.7em;\">Sagenhaftes S\u00fcdliches M\u00fcnsterland (Gudrun Gunia 2020)<\/span><\/li>\n<li>Emsdettener Venn &#8211; <span style=\"font-size: 0.7em;\">Rheine und sein sagenhaftes Umland (Gudrun Gunia 2020)<\/span><\/li>\n<li>Felsengrab &#8211; <span style=\"font-size: 0.7em;\">Tecklenburg und sein sagenhaftes Umland (Gudrun Gunia 2020)<\/span><\/li>\n<li>Flussreise &#8211; <span style=\"font-size: 0.7em;\">Rheine und sein sagenhaftes Umland (Gudrun Gunia 2020)<\/span><\/li>\n<li>Geh\u00f6rntes Gespenst &#8211; <span style=\"font-size: 0.7em;\">Tecklenburg und sein sagenhaftes Umland (Gudrun Gunia 2020)<\/span><\/li>\n<li>Gl\u00fcckauf Zeche Ibbenb\u00fcren &#8211; <span style=\"font-size: 0.7em;\">Ibbenb\u00fcren und sein sagenhaftes Umland (Gudrun Gunia 2020)<\/span><\/li>\n<li>G\u00f6tterfelsen &#8211; <span style=\"font-size: 0.7em;\">Riesenbeck und sein sagenhaftes Umland (Gudrun Gunia 2020)<\/span><\/li>\n<li>Gravenhorster N\u00f6nnekes &#8211; <span style=\"font-size: 0.7em;\">Bevergern und sein sagenhaftes Umland (Gudrun Gunia 2020)<\/span><\/li>\n<li>Harkottens Weisse Frau &#8211; <span style=\"font-size: 0.7em;\">Sagenhaftes Umland von Ems und Bever (Gudrun Gunia 2020)<\/span><\/li>\n<li>Heidentempel &#8211; <span style=\"font-size: 0.7em;\">Tecklenburg und sein sagenhaftes Umland (Gudrun Gunia 2020)<\/span><\/li>\n<li>Heidenturm &#8211; <span style=\"font-size: 0.7em;\">Ibbenb\u00fcren und sein sagenhaftes Umland (Gudrun Gunia 2020)<\/span><\/li>\n<li>Hexenp\u00fctt &#8211; <span style=\"font-size: 0.7em;\">Riesenbeck und sein sagenhaftes Umland (Gudrun Gunia 2020)<\/span><\/li>\n<li>H\u00f6ltenes Kr\u00fcz &#8211; <span style=\"font-size: 0.7em;\">Riesenbeck und sein sagenhaftes Umland (Gudrun Gunia 2020)<\/span><\/li>\n<li>Kattmanns Kamp &#8211; <span style=\"font-size: 0.7em;\">Sagenhaftes Umland von Ems und Bever (Gudrun Gunia 2020)<\/span><\/li>\n<li>Kehrrreim-Lieder &#8211; <span style=\"font-size: 0.7em;\">Borggrew\u2019sches Dreim\u00e4delhaus, Lutherbibel, Kirchturmkugel, Juchem\u00e4nnchen<\/span><\/li>\n<li>Kruzifix von Stromberg &#8211; <span style=\"font-size: 0.7em;\">Sagenhaftes S\u00fcdliches M\u00fcnsterland (Gudrun Gunia 2020)<\/span><\/li>\n<li>Ludgerus zu Billerbeck &#8211; <span style=\"font-size: 0.7em;\">Sagenhaftes S\u00fcdliches M\u00fcnsterland (Gudrun Gunia 2020)<\/span><\/li>\n<li>L\u00fcgenbr\u00fccke &#8211; <span style=\"font-size: 0.7em;\">M\u00fcnster und sein sagenhaftes Umland (Gudrun Gunia 2020)<\/span><\/li>\n<li>Mesum&amp;Elte &#8211; <span style=\"font-size: 0.7em;\">Rheine und sein sagenhaftes Umland (Gudrun Gunia 2020)<\/span><\/li>\n<li>Moorgeister &#8211; <span style=\"font-size: 0.7em;\">Bevergern und sein sagenhaftes Umland (Gudrun Gunia 2020)<\/span><\/li>\n<li>M\u00fcnsterland &#8211; <span style=\"font-size: 0.7em;\">Sagenhaftes (Umland von) Ems und Bever\/ S\u00fcdliches M\u00fcnsterland,<br \/>\nRheine, Riesenbeck, Tecklenburg, Ibbenb\u00fcren, Bevergern, M\u00fcnster und sein sagenhaftes Umland (Gudrun Gunia 2020),<\/li>\n<li>Ni\u00e4telnkolk &#8211; <span style=\"font-size: 0.7em;\">Sagenhaftes Umland von Ems und Bever (Gudrun Gunia 2020)<\/span><\/li>\n<li>Poltergeist vom Drostenhof &#8211; <span style=\"font-size: 0.7em;\">M\u00fcnster und sein sagenhaftes Umland (Gudrun Gunia 2020)<\/span><\/li>\n<li>Pottwieske &#8211; <span style=\"font-size: 0.7em;\">Rheine und sein sagenhaftes Umland (Gudrun Gunia 2020)<\/span><\/li>\n<li>Raemmelken &#8211; <span style=\"font-size: 0.7em;\">Sagenhaftes S\u00fcdliches M\u00fcnsterland (Gudrun Gunia 2020)<\/span><\/li>\n<li>Rauhnacht in Gravenhorst &#8211; <span style=\"font-size: 0.7em;\">Bevergern und sein sagenhaftes Umland (Gudrun Gunia 2020)<\/span><\/li>\n<li>Rengering&amp;Vinnenberg &#8211; <span style=\"font-size: 0.7em;\">Sagenhaftes Umland von Ems und Bever (Gudrun Gunia 2020)<\/span><\/li>\n<li>Rosa Verlage &#8211; <span style=\"font-size: 0.7em;\">Riesenbeck und sein sagenhaftes Umland (Gudrun Gunia 2020)<\/span><\/li>\n<li>Rukeslare &#8211; <span style=\"font-size: 0.7em;\">M\u00fcnster und sein sagenhaftes Umland (Gudrun Gunia 2020)<\/span><\/li>\n<li>Saerbecker Heide &#8211; <span style=\"font-size: 0.7em;\">Bevergern und sein sagenhaftes Umland (Gudrun Gunia 2020)<\/span><\/li>\n<li>Schmied&amp;Teufel &#8211; <span style=\"font-size: 0.7em;\">Ibbenb\u00fcren und sein sagenhaftes Umland (Gudrun Gunia 2020)<\/span><\/li>\n<li>Siebenwege &#8211; <span style=\"font-size: 0.7em;\">Tecklenburg und sein sagenhaftes Umland (Gudrun Gunia 2020)<\/span><\/li>\n<li>Soestwarte &#8211; <span style=\"font-size: 0.7em;\">Sagenhaftes S\u00fcdliches M\u00fcnsterland (Gudrun Gunia 2020)<\/span><\/li>\n<li>Sp\u00f6kenkieker &#8211; <span style=\"font-size: 0.7em;\">Sagenhaftes Umland von Ems und Bever (Gudrun Gunia 2020)<\/span><\/li>\n<li>St.Anna auf dem Breischen &#8211; <span style=\"font-size: 0.7em;\">Rheine und sein sagenhaftes Umland (Gudrun Gunia 2020)<\/span><\/li>\n<li>Stemmwertsken &#8211; <span style=\"font-size: 0.7em;\">Rheine und sein sagenhaftes Umland (Gudrun Gunia 2020)<\/span><\/li>\n<li>Sweder von Bevern &#8211; <span style=\"font-size: 0.7em;\">Sagenhaftes S\u00fcdliches M\u00fcnsterland (Gudrun Gunia 2020)<\/span><\/li>\n<li>Tecklenburggeschichten &#8211; <span style=\"font-size: 0.7em;\">Tecklenburg und sein sagenhaftes Umland (Gudrun Gunia 2020)<\/span><\/li>\n<li>Tilbecker S\u00fchnekreuz &#8211; <span style=\"font-size: 0.7em;\">Sagenhaftes S\u00fcdliches M\u00fcnsterland (Gudrun Gunia 2020)<\/span><\/li>\n<li>Tunnel zu Lengerich &#8211; <span style=\"font-size: 0.7em;\">Tecklenburg und sein sagenhaftes Umland (Gudrun Gunia 2020)<\/span><\/li>\n<li>Verdorrte Hand &#8211; <span style=\"font-size: 0.7em;\">M\u00fcnster und sein sagenhaftes Umland (Gudrun Gunia 2020)<\/span><\/li>\n<li>Verschollene Fahne &#8211; <span style=\"font-size: 0.7em;\">Bevergern und sein sagenhaftes Umland (Gudrun Gunia 2020)<\/span><\/li>\n<li>Warantharpa &#8211; <span style=\"font-size: 0.7em;\">Sagenhaftes Umland von Ems und Bever (Gudrun Gunia 2020<\/span><\/li>\n<li>Wateringas &#8211; <span style=\"font-size: 0.7em;\">Rheine und sein sagenhaftes Umland (Gudrun Gunia 2020)<\/span><\/li>\n<li>Werwolfsg\u00fcrtel &#8211; <span style=\"font-size: 0.7em;\">Ibbenb\u00fcren und sein sagenhaftes Umland (Gudrun Gunia 2020)<\/span><\/li>\n<li>Westbevern &#8211; <span style=\"font-size: 0.7em;\">Sagenhaftes Umland von Ems und Bever (Gudrun Gunia 2020)<\/span><\/li>\n<li>Widam\u00f6rken &#8211; <span style=\"font-size: 0.7em;\">Rheine und sein sagenhaftes Umland (Gudrun Gunia 2020)<\/span><\/li>\n<\/ol>\n","protected":false},"excerpt":{"rendered":"<div class=\"entry-summary\">\nLieder \u00fcber Sagen, Legenden &amp; Anekdoten des alten M\u00fcnsterlandes von Gudrun Gunia&hellip;\n<\/div>\n<div class=\"link-more\"><a href=\"https:\/\/sagenhafte-lieder-muensterland.de\/wordpress\/ein-sagenhaftes-liederbuch-aus-dem-muensterland\/inhalt-des-liederbuchs\/\" class=\"more-link\">Continue reading<span class=\"screen-reader-text\"> &ldquo;Inhalte der Liederb\u00fccher&rdquo;<\/span>&hellip;<\/a><\/div>\n","protected":false},"author":1,"featured_media":0,"parent":300,"menu_order":0,"comment_status":"closed","ping_status":"closed","template":"","meta":[],"_links":{"self":[{"href":"https:\/\/sagenhafte-lieder-muensterland.de\/wordpress\/wp-json\/wp\/v2\/pages\/313"}],"collection":[{"href":"https:\/\/sagenhafte-lieder-muensterland.de\/wordpress\/wp-json\/wp\/v2\/pages"}],"about":[{"href":"https:\/\/sagenhafte-lieder-muensterland.de\/wordpress\/wp-json\/wp\/v2\/types\/page"}],"author":[{"embeddable":true,"href":"https:\/\/sagenhafte-lieder-muensterland.de\/wordpress\/wp-json\/wp\/v2\/users\/1"}],"replies":[{"embeddable":true,"href":"https:\/\/sagenhafte-lieder-muensterland.de\/wordpress\/wp-json\/wp\/v2\/comments?post=313"}],"version-history":[{"count":32,"href":"https:\/\/sagenhafte-lieder-muensterland.de\/wordpress\/wp-json\/wp\/v2\/pages\/313\/revisions"}],"predecessor-version":[{"id":386,"href":"https:\/\/sagenhafte-lieder-muensterland.de\/wordpress\/wp-json\/wp\/v2\/pages\/313\/revisions\/386"}],"up":[{"embeddable":true,"href":"https:\/\/sagenhafte-lieder-muensterland.de\/wordpress\/wp-json\/wp\/v2\/pages\/300"}],"wp:attachment":[{"href":"https:\/\/sagenhafte-lieder-muensterland.de\/wordpress\/wp-json\/wp\/v2\/media?parent=313"}],"curies":[{"name":"wp","href":"https:\/\/api.w.org\/{rel}","templated":true}]}}