{"id":300,"date":"2022-02-26T14:22:20","date_gmt":"2022-02-26T13:22:20","guid":{"rendered":"https:\/\/sagenhafte-lieder-muensterland.de\/wordpress\/?page_id=300"},"modified":"2022-06-16T09:29:49","modified_gmt":"2022-06-16T07:29:49","slug":"ein-sagenhaftes-liederbuch-aus-dem-muensterland","status":"publish","type":"page","link":"https:\/\/sagenhafte-lieder-muensterland.de\/wordpress\/ein-sagenhaftes-liederbuch-aus-dem-muensterland\/","title":{"rendered":"Band 1 &#8211; Sagenhaftes Liederbuch aus dem M\u00fcnsterland"},"content":{"rendered":"<p><img loading=\"lazy\" class=\"wp-image-303 alignright\" src=\"https:\/\/sagenhafte-lieder-muensterland.de\/wordpress\/wp-content\/uploads\/2022\/02\/Notenbild-skizze-elli-vk.png\" alt=\"\" width=\"250\" height=\"277\" srcset=\"https:\/\/sagenhafte-lieder-muensterland.de\/wordpress\/wp-content\/uploads\/2022\/02\/Notenbild-skizze-elli-vk.png 800w, https:\/\/sagenhafte-lieder-muensterland.de\/wordpress\/wp-content\/uploads\/2022\/02\/Notenbild-skizze-elli-vk-271x300.png 271w, https:\/\/sagenhafte-lieder-muensterland.de\/wordpress\/wp-content\/uploads\/2022\/02\/Notenbild-skizze-elli-vk-768x851.png 768w\" sizes=\"(max-width: 250px) 100vw, 250px\" \/>Es ist schon ein Erlebnis, nach so vielen Jahren B\u00e4nkelgesangs, Auff\u00fchrungen und Tonaufnahmen meine Sagenlieder \u00fcber das alte M\u00fcnsterland \u201eAnno 2022\u201c in der Notenfassung vor mir zu sehen! Als urspr\u00fcnglich musikalische Autodidaktin bin ich selbst mehr der Improvisation und dem Komponieren nach Geh\u00f6r zugeneigt; Noten wurden in der Vergangenheit dabei gerne au\u00dfer Acht gelassen, bzw. nur im zwingend notwendigen Fall hinzugezogen. Beim Vortrag vor Publikum verzichte ich ohnehin gerne auf die Textmappe. Meine Lieder habe ich nun mal \u201eim Kopf\u201c.<\/p>\n<p>Nachdem ich jedoch oft von Konzertbesucher*Innen darauf angesprochen wurde, ob das eine oder andere meiner Sagenlieder im eigenen Chor, der Band oder dem Gitarrenkreis gesungen werden k\u00f6nne, habe ich es mir zum Ziel gesetzt, das bislang nur H\u00f6rbare nun \u201esicht- und nachsingbar\u201c werden zu lassen.<\/p>\n<p><img loading=\"lazy\" class=\"wp-image-304 alignleft\" src=\"https:\/\/sagenhafte-lieder-muensterland.de\/wordpress\/wp-content\/uploads\/2022\/02\/Notenheft-Foto-Elli-vk.png\" alt=\"\" width=\"238\" height=\"246\" srcset=\"https:\/\/sagenhafte-lieder-muensterland.de\/wordpress\/wp-content\/uploads\/2022\/02\/Notenheft-Foto-Elli-vk.png 600w, https:\/\/sagenhafte-lieder-muensterland.de\/wordpress\/wp-content\/uploads\/2022\/02\/Notenheft-Foto-Elli-vk-289x300.png 289w\" sizes=\"(max-width: 238px) 100vw, 238px\" \/>Beim Niederschreiben ist mir aufgefallen, wie selbstverst\u00e4ndlich man verschiedene Strophen \u00fcber eine Ursprungsmelodie singt \u2013 und diese sich mitunter in Silbenzahl, Auftakten und Phrasierungen unterscheiden. Hier hoffe ich, dass der\/die ambitionierte S\u00e4nger*In im Zweifelsfall in meine CD-Aufnahme des entsprechenden Liedes hineinh\u00f6rt, um einen besseren Eindruck zu bekommen: ich habe zu Gunsten der \u00dcberschaubarkeit bewusst darauf verzichtet, jede einzelne Strophe \u2013 sofern diese nicht grundlegend von der 1.Strophe abweicht \u2013 in Notenform zu bringen. Aus \u00e4hnlichen \u00dcberlegungen wurden auch die Tonarten m\u00f6glichst unkompliziert \u2013 und f\u00fcr Gitarre \u201eOffene-Akkorde-Bevorzugend\u201c \u2013 gew\u00e4hlt.<\/p>\n<p>Begebenheiten wie z.B. leichtsinnige Knaben auf Wasserm\u00fchlen-R\u00e4dern, in T\u00fcmpeln versunkene Kirchenglocken, Roggenmuhmen, Moorm\u00fctterchen und die beliebten dreimaligen Rituale gibt es h\u00e4ufiger (und das nicht nur im M\u00fcnsterland!). Ich bitte die verehrte Leser- und S\u00e4ngerschaft um Verst\u00e4ndnis, falls die pers\u00f6nlich-regionale Fassung eines entsprechenden Sagenliedes hier etwas abweichend vorliegt.<\/p>\n<p>Wie alle Freund*Innen des gemeinsamen (Chor-)Singens hege ich die Hoffnung, dass wir bald wieder Zeiten entgegensehen k\u00f6nnen, in denen nicht mehr die Sorge vor den m\u00f6glichen Konsequenzen der Aerosol-Ausst\u00f6\u00dfe vorherrscht, sondern einfach die Freude und Leidenschaft beim Musizieren genossen werden kann. Es w\u00e4re sch\u00f6n, wenn dann auch einige meiner \u201eSagenhaften Lieder\u201c dabei sind!<\/p>\n<p><img loading=\"lazy\" class=\"aligncenter size-full wp-image-388\" src=\"https:\/\/sagenhafte-lieder-muensterland.de\/wordpress\/wp-content\/uploads\/2022\/06\/Liederbuch-Band-1.jpg\" alt=\"\" width=\"1000\" height=\"1436\" srcset=\"https:\/\/sagenhafte-lieder-muensterland.de\/wordpress\/wp-content\/uploads\/2022\/06\/Liederbuch-Band-1.jpg 1000w, https:\/\/sagenhafte-lieder-muensterland.de\/wordpress\/wp-content\/uploads\/2022\/06\/Liederbuch-Band-1-209x300.jpg 209w, https:\/\/sagenhafte-lieder-muensterland.de\/wordpress\/wp-content\/uploads\/2022\/06\/Liederbuch-Band-1-713x1024.jpg 713w, https:\/\/sagenhafte-lieder-muensterland.de\/wordpress\/wp-content\/uploads\/2022\/06\/Liederbuch-Band-1-768x1103.jpg 768w\" sizes=\"(max-width: 1000px) 100vw, 1000px\" \/><\/p>\n<p>Gudrun Gunia, Februar 2022<\/p>\n<p>Dieses Projekt wurde unterst\u00fctzt durch<\/p>\n<p><img loading=\"lazy\" class=\" wp-image-308 alignleft\" src=\"https:\/\/sagenhafte-lieder-muensterland.de\/wordpress\/wp-content\/uploads\/2022\/02\/Stip-Neustart-GEMA-Logo.jpg\" alt=\"\" width=\"85\" height=\"106\" \/> <img loading=\"lazy\" class=\" wp-image-309 alignleft\" src=\"https:\/\/sagenhafte-lieder-muensterland.de\/wordpress\/wp-content\/uploads\/2022\/02\/Stip-Neustart-Logo-1.jpg\" alt=\"\" width=\"205\" height=\"73\" srcset=\"https:\/\/sagenhafte-lieder-muensterland.de\/wordpress\/wp-content\/uploads\/2022\/02\/Stip-Neustart-Logo-1.jpg 769w, https:\/\/sagenhafte-lieder-muensterland.de\/wordpress\/wp-content\/uploads\/2022\/02\/Stip-Neustart-Logo-1-300x107.jpg 300w\" sizes=\"(max-width: 205px) 100vw, 205px\" \/> <img loading=\"lazy\" class=\"wp-image-310 alignleft\" src=\"https:\/\/sagenhafte-lieder-muensterland.de\/wordpress\/wp-content\/uploads\/2022\/02\/Stip-Neustart-Logo-2.jpg\" alt=\"\" width=\"88\" height=\"94\" \/><\/p>\n","protected":false},"excerpt":{"rendered":"<div class=\"entry-summary\">\nEs ist schon ein Erlebnis, nach so vielen Jahren B\u00e4nkelgesangs, Auff\u00fchrungen und&hellip;\n<\/div>\n<div class=\"link-more\"><a href=\"https:\/\/sagenhafte-lieder-muensterland.de\/wordpress\/ein-sagenhaftes-liederbuch-aus-dem-muensterland\/\" class=\"more-link\">Continue reading<span class=\"screen-reader-text\"> &ldquo;Band 1 &#8211; Sagenhaftes Liederbuch aus dem M\u00fcnsterland&rdquo;<\/span>&hellip;<\/a><\/div>\n","protected":false},"author":1,"featured_media":0,"parent":0,"menu_order":0,"comment_status":"closed","ping_status":"closed","template":"","meta":[],"_links":{"self":[{"href":"https:\/\/sagenhafte-lieder-muensterland.de\/wordpress\/wp-json\/wp\/v2\/pages\/300"}],"collection":[{"href":"https:\/\/sagenhafte-lieder-muensterland.de\/wordpress\/wp-json\/wp\/v2\/pages"}],"about":[{"href":"https:\/\/sagenhafte-lieder-muensterland.de\/wordpress\/wp-json\/wp\/v2\/types\/page"}],"author":[{"embeddable":true,"href":"https:\/\/sagenhafte-lieder-muensterland.de\/wordpress\/wp-json\/wp\/v2\/users\/1"}],"replies":[{"embeddable":true,"href":"https:\/\/sagenhafte-lieder-muensterland.de\/wordpress\/wp-json\/wp\/v2\/comments?post=300"}],"version-history":[{"count":8,"href":"https:\/\/sagenhafte-lieder-muensterland.de\/wordpress\/wp-json\/wp\/v2\/pages\/300\/revisions"}],"predecessor-version":[{"id":390,"href":"https:\/\/sagenhafte-lieder-muensterland.de\/wordpress\/wp-json\/wp\/v2\/pages\/300\/revisions\/390"}],"wp:attachment":[{"href":"https:\/\/sagenhafte-lieder-muensterland.de\/wordpress\/wp-json\/wp\/v2\/media?parent=300"}],"curies":[{"name":"wp","href":"https:\/\/api.w.org\/{rel}","templated":true}]}}