{"id":283,"date":"2021-11-01T10:33:03","date_gmt":"2021-11-01T09:33:03","guid":{"rendered":"https:\/\/sagenhafte-lieder-muensterland.de\/wordpress\/?page_id=283"},"modified":"2021-11-01T10:38:16","modified_gmt":"2021-11-01T09:38:16","slug":"eine-text-kostprobe-das-hockende-weib","status":"publish","type":"page","link":"https:\/\/sagenhafte-lieder-muensterland.de\/wordpress\/244-2\/eine-text-kostprobe-das-hockende-weib\/","title":{"rendered":"Text-Kostprobe: Das Hockende Weib"},"content":{"rendered":"<p>Der Teufel hat fr\u00fcher viel angestellt in Westfalen.<br \/>\nEr hat mit Feuer und Wasser gespielt.<br \/>\nOft gab es Hochwasser, oder es brannte lichterloh.<br \/>\nEine Mutter in D\u00f6renthe bekam Angst, als es wieder einmal Hochwasser gab. Die Frau war aber sehr gro\u00df. Zum Gl\u00fcck!<br \/>\nSie setzte die Kinder auf ihre Schultern.<br \/>\nSo ist sie den Berghang hochgeklettert. Bis ganz nach oben!<br \/>\nDoch der Teufel war boshaft. Er sah, wie die arme Frau sich anstrengen musste beim Klettern.<br \/>\nDa lie\u00df er das Wasser noch h\u00f6her steigen!<br \/>\nDie Frau war ganz verzweifelt und ersch\u00f6pft.<br \/>\nSie musste sich auf den Boden hocken.<br \/>\nDoch dann kam das Wunder und die Kinder waren gerettet!<br \/>\nDie Frau ist n\u00e4mlich einfach zu Stein geworden.<br \/>\nDa konnte ihr das Wasser nichts mehr anhaben!<br \/>\nUnd der Teufel hatte verloren!<br \/>\nDie Kinder aber konnten auf dem Felsen abwarten, bis das Wasser wieder weg war.<\/p>\n<p><img loading=\"lazy\" class=\"aligncenter size-full wp-image-287\" src=\"https:\/\/sagenhafte-lieder-muensterland.de\/wordpress\/wp-content\/uploads\/2021\/11\/hockendes-weib-malbuch.jpg\" alt=\"\" width=\"600\" height=\"472\" srcset=\"https:\/\/sagenhafte-lieder-muensterland.de\/wordpress\/wp-content\/uploads\/2021\/11\/hockendes-weib-malbuch.jpg 600w, https:\/\/sagenhafte-lieder-muensterland.de\/wordpress\/wp-content\/uploads\/2021\/11\/hockendes-weib-malbuch-300x236.jpg 300w\" sizes=\"(max-width: 600px) 100vw, 600px\" \/><\/p>\n","protected":false},"excerpt":{"rendered":"<div class=\"entry-summary\">\nDer Teufel hat fr\u00fcher viel angestellt in Westfalen. Er hat mit Feuer&hellip;\n<\/div>\n<div class=\"link-more\"><a href=\"https:\/\/sagenhafte-lieder-muensterland.de\/wordpress\/244-2\/eine-text-kostprobe-das-hockende-weib\/\" class=\"more-link\">Continue reading<span class=\"screen-reader-text\"> &ldquo;Text-Kostprobe: Das Hockende Weib&rdquo;<\/span>&hellip;<\/a><\/div>\n","protected":false},"author":1,"featured_media":0,"parent":244,"menu_order":0,"comment_status":"closed","ping_status":"closed","template":"","meta":[],"_links":{"self":[{"href":"https:\/\/sagenhafte-lieder-muensterland.de\/wordpress\/wp-json\/wp\/v2\/pages\/283"}],"collection":[{"href":"https:\/\/sagenhafte-lieder-muensterland.de\/wordpress\/wp-json\/wp\/v2\/pages"}],"about":[{"href":"https:\/\/sagenhafte-lieder-muensterland.de\/wordpress\/wp-json\/wp\/v2\/types\/page"}],"author":[{"embeddable":true,"href":"https:\/\/sagenhafte-lieder-muensterland.de\/wordpress\/wp-json\/wp\/v2\/users\/1"}],"replies":[{"embeddable":true,"href":"https:\/\/sagenhafte-lieder-muensterland.de\/wordpress\/wp-json\/wp\/v2\/comments?post=283"}],"version-history":[{"count":3,"href":"https:\/\/sagenhafte-lieder-muensterland.de\/wordpress\/wp-json\/wp\/v2\/pages\/283\/revisions"}],"predecessor-version":[{"id":288,"href":"https:\/\/sagenhafte-lieder-muensterland.de\/wordpress\/wp-json\/wp\/v2\/pages\/283\/revisions\/288"}],"up":[{"embeddable":true,"href":"https:\/\/sagenhafte-lieder-muensterland.de\/wordpress\/wp-json\/wp\/v2\/pages\/244"}],"wp:attachment":[{"href":"https:\/\/sagenhafte-lieder-muensterland.de\/wordpress\/wp-json\/wp\/v2\/media?parent=283"}],"curies":[{"name":"wp","href":"https:\/\/api.w.org\/{rel}","templated":true}]}}