{"id":244,"date":"2021-11-01T10:09:18","date_gmt":"2021-11-01T09:09:18","guid":{"rendered":"https:\/\/sagenhafte-lieder-muensterland.de\/wordpress\/?page_id=244"},"modified":"2022-03-05T09:37:00","modified_gmt":"2022-03-05T08:37:00","slug":"244-2","status":"publish","type":"page","link":"https:\/\/sagenhafte-lieder-muensterland.de\/wordpress\/244-2\/","title":{"rendered":"Deutliche Worte \u2013 ein Dutzend sagenhafter Lieder und Geschichten aus dem M\u00fcnsterland"},"content":{"rendered":"<h2><img loading=\"lazy\" class=\"alignright wp-image-234\" src=\"https:\/\/sagenhafte-lieder-muensterland.de\/wordpress\/wp-content\/uploads\/2021\/11\/Fledermaushoehle-vk-max-600.jpg\" alt=\"\" width=\"237\" height=\"190\" srcset=\"https:\/\/sagenhafte-lieder-muensterland.de\/wordpress\/wp-content\/uploads\/2021\/11\/Fledermaushoehle-vk-max-600.jpg 600w, https:\/\/sagenhafte-lieder-muensterland.de\/wordpress\/wp-content\/uploads\/2021\/11\/Fledermaushoehle-vk-max-600-300x240.jpg 300w\" sizes=\"(max-width: 237px) 100vw, 237px\" \/>Regionale Geschichten, B\u00e4nkelgesang, Bilder und Inklusion.<\/h2>\n<p><strong>Gudrun Gunia 2021<\/strong><\/p>\n<p>Ein kulturelles Inklusions-Projekt: in leichter Sprache werden m\u00fcnsterl\u00e4ndische Sagen &amp; Anekdoten formuliert &amp; durch Bebilderung verdeutlicht.<\/p>\n<p>&nbsp;<\/p>\n<p><img loading=\"lazy\" class=\"wp-image-233 alignleft\" src=\"https:\/\/sagenhafte-lieder-muensterland.de\/wordpress\/wp-content\/uploads\/2021\/11\/Dreihasen-ellipse-vk-max-600.png\" alt=\"\" width=\"195\" height=\"193\" srcset=\"https:\/\/sagenhafte-lieder-muensterland.de\/wordpress\/wp-content\/uploads\/2021\/11\/Dreihasen-ellipse-vk-max-600.png 600w, https:\/\/sagenhafte-lieder-muensterland.de\/wordpress\/wp-content\/uploads\/2021\/11\/Dreihasen-ellipse-vk-max-600-300x298.png 300w\" sizes=\"(max-width: 195px) 100vw, 195px\" \/>12 Lieder von Gudrun Gunia haben ihre dazugeh\u00f6rigen Geschichten und Bilder bekommen: vom genialen Gerd Bracht als vertonte Kurzh\u00f6rspiele produziert und vom aufstrebenden Zeichentalent Harald Liebers illustriert.<br \/>\nUm das M\u00fcnstersche Trio zu vervollst\u00e4ndigen, rundet Graphik-Designer Georg Babetzky mit seiner Artwork dieses sehens- und h\u00f6renswerte Projekt ab.<\/p>\n<p>&nbsp;<\/p>\n<p><img loading=\"lazy\" class=\"alignright wp-image-237\" src=\"https:\/\/sagenhafte-lieder-muensterland.de\/wordpress\/wp-content\/uploads\/2021\/11\/Titel-Zum-Ausmalen-weisse-Frau-Spiegel-vk-max-600.jpg\" alt=\"\" width=\"216\" height=\"188\" srcset=\"https:\/\/sagenhafte-lieder-muensterland.de\/wordpress\/wp-content\/uploads\/2021\/11\/Titel-Zum-Ausmalen-weisse-Frau-Spiegel-vk-max-600.jpg 600w, https:\/\/sagenhafte-lieder-muensterland.de\/wordpress\/wp-content\/uploads\/2021\/11\/Titel-Zum-Ausmalen-weisse-Frau-Spiegel-vk-max-600-300x262.jpg 300w\" sizes=\"(max-width: 216px) 100vw, 216px\" \/><\/p>\n<p>Nun liegt ein 28seitiges Booklet mit Liedern\/Geschichten\/Illustrationen vor, in das eine Audio-CD mit 12 Geschichten und den dazugeh\u00f6rigen 12 Liedern integriert ist.<\/p>\n<p>Und wer gerne selbst kreativ werden m\u00f6chte: dem Ganzen ist noch ein Ausmalheft beigef\u00fcgt<\/p>\n<p>&nbsp;<\/p>\n<h2><strong>Cover<br \/>\n<\/strong><\/h2>\n<h2><a href=\"https:\/\/sagenhafte-lieder-muensterland.de\/wordpress\/244-2\/cd-inhalt\/\"><img loading=\"lazy\" class=\"wp-image-246 alignleft\" src=\"https:\/\/sagenhafte-lieder-muensterland.de\/wordpress\/wp-content\/uploads\/2021\/11\/Titelblatt-Deutliche-Worte-800.jpg\" alt=\"\" width=\"537\" height=\"761\" srcset=\"https:\/\/sagenhafte-lieder-muensterland.de\/wordpress\/wp-content\/uploads\/2021\/11\/Titelblatt-Deutliche-Worte-800.jpg 800w, https:\/\/sagenhafte-lieder-muensterland.de\/wordpress\/wp-content\/uploads\/2021\/11\/Titelblatt-Deutliche-Worte-800-212x300.jpg 212w, https:\/\/sagenhafte-lieder-muensterland.de\/wordpress\/wp-content\/uploads\/2021\/11\/Titelblatt-Deutliche-Worte-800-722x1024.jpg 722w, https:\/\/sagenhafte-lieder-muensterland.de\/wordpress\/wp-content\/uploads\/2021\/11\/Titelblatt-Deutliche-Worte-800-768x1089.jpg 768w\" sizes=\"(max-width: 537px) 100vw, 537px\" \/><\/a><\/h2>\n<p>&nbsp;<\/p>\n<p>&nbsp;<\/p>\n<p style=\"text-align: right;\">Gef\u00f6rdert durch<img loading=\"lazy\" class=\"wp-image-341 alignright\" src=\"https:\/\/sagenhafte-lieder-muensterland.de\/wordpress\/wp-content\/uploads\/2022\/03\/coronaBundLogo.jpg\" alt=\"\" width=\"178\" height=\"71\" srcset=\"https:\/\/sagenhafte-lieder-muensterland.de\/wordpress\/wp-content\/uploads\/2022\/03\/coronaBundLogo.jpg 431w, https:\/\/sagenhafte-lieder-muensterland.de\/wordpress\/wp-content\/uploads\/2022\/03\/coronaBundLogo-300x120.jpg 300w\" sizes=\"(max-width: 178px) 100vw, 178px\" \/> <img loading=\"lazy\" class=\"wp-image-340 alignright\" src=\"https:\/\/sagenhafte-lieder-muensterland.de\/wordpress\/wp-content\/uploads\/2022\/03\/coronaSHLogo.jpg\" alt=\"\" width=\"59\" height=\"108\" \/><\/p>\n<p><!-- \/wp:paragraph --><\/p>\n","protected":false},"excerpt":{"rendered":"<div class=\"entry-summary\">\nRegionale Geschichten, B\u00e4nkelgesang, Bilder und Inklusion. Gudrun Gunia 2021 Ein kulturelles Inklusions-Projekt:&hellip;\n<\/div>\n<div class=\"link-more\"><a href=\"https:\/\/sagenhafte-lieder-muensterland.de\/wordpress\/244-2\/\" class=\"more-link\">Continue reading<span class=\"screen-reader-text\"> &ldquo;Deutliche Worte \u2013 ein Dutzend sagenhafter Lieder und Geschichten aus dem M\u00fcnsterland&rdquo;<\/span>&hellip;<\/a><\/div>\n","protected":false},"author":1,"featured_media":0,"parent":0,"menu_order":0,"comment_status":"closed","ping_status":"closed","template":"","meta":[],"_links":{"self":[{"href":"https:\/\/sagenhafte-lieder-muensterland.de\/wordpress\/wp-json\/wp\/v2\/pages\/244"}],"collection":[{"href":"https:\/\/sagenhafte-lieder-muensterland.de\/wordpress\/wp-json\/wp\/v2\/pages"}],"about":[{"href":"https:\/\/sagenhafte-lieder-muensterland.de\/wordpress\/wp-json\/wp\/v2\/types\/page"}],"author":[{"embeddable":true,"href":"https:\/\/sagenhafte-lieder-muensterland.de\/wordpress\/wp-json\/wp\/v2\/users\/1"}],"replies":[{"embeddable":true,"href":"https:\/\/sagenhafte-lieder-muensterland.de\/wordpress\/wp-json\/wp\/v2\/comments?post=244"}],"version-history":[{"count":25,"href":"https:\/\/sagenhafte-lieder-muensterland.de\/wordpress\/wp-json\/wp\/v2\/pages\/244\/revisions"}],"predecessor-version":[{"id":346,"href":"https:\/\/sagenhafte-lieder-muensterland.de\/wordpress\/wp-json\/wp\/v2\/pages\/244\/revisions\/346"}],"wp:attachment":[{"href":"https:\/\/sagenhafte-lieder-muensterland.de\/wordpress\/wp-json\/wp\/v2\/media?parent=244"}],"curies":[{"name":"wp","href":"https:\/\/api.w.org\/{rel}","templated":true}]}}