{"id":2,"date":"2020-09-22T21:10:56","date_gmt":"2020-09-22T19:10:56","guid":{"rendered":"https:\/\/sagenhafte-lieder-muensterland.de\/wordpress\/?page_id=2"},"modified":"2026-04-27T20:43:14","modified_gmt":"2026-04-27T18:43:14","slug":"die-gitarre-erklingt","status":"publish","type":"page","link":"https:\/\/sagenhafte-lieder-muensterland.de\/wordpress\/","title":{"rendered":"Die Gitarre erklingt &#8230;"},"content":{"rendered":"<h2>Die n\u00e4chsten \u00f6ffentlichen Live-Termine<\/h2>\n<p><strong>29.05.2026<\/strong>, ab 17:30Uhr Uhr <strong>Dunkel Dunkel im Moor<\/strong>, eine Kooperation von Zeichnungen (Veronika Sudmann), Sagenliedern (Gudrun Gunia) und Rezitationen (Marianne H\u00fcgging) \u00fcber die M\u00fcnsterl\u00e4ndische Sagenlandschaft von Davert und Hoher Ward. <strong>LadenLokal,<\/strong> Alte Dorfstr. 5, 48161 M\u00fcnster-Roxel, Eintritt frei.<\/p>\n<p><strong>30.05.2026<\/strong>, ab 15:00Uhr B\u00e4nkels\u00e4ngerin Gudrun Gunia singt im Rahmen der <strong>Gr\u00fcnfl\u00e4chenunterhaltung<\/strong> auf M\u00fcnster&#8217;s Promenande f\u00fcr die B\u00e4ume und deren Freunde<\/p>\n<p>Tipp:<strong> 27.06.<\/strong><strong>2026,<\/strong>\u00a0 ab 17:00Uhr <strong>Hof Lohmann Rockt Festival<\/strong>, mit dabei Die <strong><em>FreckenRocker <\/em><\/strong><em>feat. <\/em>Gudrun Gunia; Hof Lohmann, Gronhorst 10, 48231 Warendorf-Freckenhorst<\/p>\n<p><strong>24.07.2026<\/strong>, 15:00Uhr Autorinnen-Lesung von Manuela Sandhop mit Musik von Gudrun Gunia, <strong>Detektei Flocke &amp; Co<\/strong>, Heimathaus-Garten, Kirchstrasse 4, 48477 H\u00f6rstel-Bevergern<\/p>\n<p>&nbsp;<\/p>\n<p>&nbsp;<\/p>\n<hr \/>\n<p>B\u00e4nkels\u00e4ngerin Gudrun Gunia erhebt die Stimme und l\u00e4sst eine Vergangenheit wiederauferstehen, die tief in westf\u00e4lischer Erde verwurzelt ist.<\/p>\n<p>Sie nimmt die Zuh\u00f6rer mit ihren gesungenen Geschichten, die nach Art urspr\u00fcnglicher Volkslieder vertont sind, auf eine musikalische Reise mit. Einstmals waren es die B\u00e4nkels\u00e4nger, die der \u00d6ffentlichkeit Sagen und Neuigkeiten singend \u00fcberbrachten.<\/p>\n<p>Gem\u00e4\u00df dieser Tradition hat die Musikerin alte Erz\u00e4hlungen vertont, die von verschiedenen m\u00fcnsterl\u00e4ndischen Orten, St\u00e4dten, Fl\u00fcssen und der einzigartigen Umgebung des Teutoburger Waldes stammen.<\/p>\n<p>Im vom Osning ges\u00e4umten n\u00f6rdlichen M\u00fcnsterland geht es von Bevergern \u00fcber Riesenbeck und \u00a0Ibbenb\u00fcren, sowie deren sagenhafter Umgebung, bis in das Gebiet um Tecklenburg. Auch die Fl\u00fcsse des M\u00fcnsterlandes pr\u00e4gen diese besungenen Reisen ma\u00dfgeblich mit: Rheine, M\u00fcnster, das sagenhafte Umland von Ems &amp; Bever und das s\u00fcdliche M\u00fcnsterland komplettieren Gunias musikalische Sammlung.<\/p>\n<p>Seit vielen Jahren ist Gudrun Gunia unterwegs, um Geschichten zusammenzutragen und zu vertonen. Dabei hat sie alle Orte, an denen die Begebenheiten einst gewesen sein sollen, selbst aufgesucht, um sich f\u00fcr ihre Lieder inspirieren zu lassen.<\/p>\n<p>Die einzelnen regional bezogen Tontr\u00e4ger sind so gestaltet, dass der H\u00f6rer mit auf eine musikalische Rundreise genommen wird. Zun\u00e4chst erz\u00e4hlt Gudrun Gunia zur Orientierung Inhaltliches, bevor sie zum Gesang \u00fcbergeht.<\/p>\n<p>Ihre Lieder sind eine gelungene Mischung aus eing\u00e4ngigen Melodien, Refrains, die zum Mitsingen animieren und Rhythmen, die den Zuh\u00f6rer in ihren Bann ziehen.<\/p>\n<p>Gudrun Gunia singt mit kraftvoller Stimme und begleitet sich selbst an der Gitarre. Sie versteht es, unterschiedliche Stile der volkst\u00fcmlichen Musik miteinander zu verbinden. Da geht es von schnellen Polka-Elementen bis hin zur getragenen Ballade.<\/p>\n<p>Gerd Bracht, der die Aufnahmen in seinem Tonstudio produzierte, gelang es, eine einzigartige Atmosph\u00e4re entstehen zu lassen, die dem Zuh\u00f6rer das Gef\u00fchl vermittelt, die S\u00e4ngerin sei gerade mit im Raum und singe ihm vor.<\/p>\n<p>Gudrun Gunia hat ihre Lieder im Jahre 2020 aufgenommen.<\/p>\n<p>Die K\u00fcnstlerin hat den Corona-Lockdown als Chance genutzt, Zeit und Energie f\u00fcr ihre\u00a0 musikalische Passion des \u201eB\u00e4nkelgesangs\u201c &#8211; Sagenhafte Lieder aus dem M\u00fcnsterland \u2013 zu haben und sich ganz auf das Dichten, Komponieren, Neu-Arrangieren und Aufnehmen ihrer selbstgeschriebenen Lieder zu konzentrieren.<\/p>\n<p><img loading=\"lazy\" class=\"size-medium wp-image-33 alignright\" src=\"https:\/\/sagenhafte-lieder-muensterland.de\/wordpress\/wp-content\/uploads\/2020\/10\/alle-cd-trans-500-300x263.png\" alt=\"\" width=\"300\" height=\"263\" srcset=\"https:\/\/sagenhafte-lieder-muensterland.de\/wordpress\/wp-content\/uploads\/2020\/10\/alle-cd-trans-500-300x263.png 300w, https:\/\/sagenhafte-lieder-muensterland.de\/wordpress\/wp-content\/uploads\/2020\/10\/alle-cd-trans-500.png 500w\" sizes=\"(max-width: 300px) 100vw, 300px\" \/>Das Ergebnis sind 8 CDs mit jeweils 16 Songs.<\/p>\n<ul>\n<li>Ibbenb\u00fcren und sein sagenhaftes Umland<\/li>\n<li>Riesenbeck und sein sagenhaftes Umland<\/li>\n<li>Tecklenburg\u00a0 und sein sagenhaftes Umland<\/li>\n<li>Bevergern\u00a0 und sein sagenhaftes Umland<\/li>\n<li>Rheine\u00a0 und sein sagenhaftes Umland<\/li>\n<li>M\u00fcnster\u00a0 und sein sagenhaftes Umland<\/li>\n<li>Sagenhaftes Umland von Ems &amp; Bever<\/li>\n<li>Sagenhaftes S\u00fcdliches M\u00fcnsterland<\/li>\n<\/ul>\n<p>Gudrun Gunias Sagen-Lieder sollen zur Unterhaltung, zum Nachdenken und Weitererz\u00e4hlen anregen.<\/p>\n<p>Geschichte, Legenden, Gruseliges, Heiteres \u2013 vielen der Lieder liegen m\u00fcndliche oder schriftliche \u00dcberlieferungen zugrunde.<\/p>\n<p>Dass dabei auch die Phantasie eine Rolle spielt, steht au\u00dfer Frage \u2013 keiner von uns war damals dabei.<\/p>\n<p><strong>Und einiges h\u00e4tte so passiert sein k\u00f6nnen \u2013 oder auch ganz anders.<\/strong><\/p>\n<p>&nbsp;<\/p>\n<p style=\"text-align: right;\">Gef\u00f6rdert durch<img loading=\"lazy\" class=\"wp-image-341 alignright\" src=\"https:\/\/sagenhafte-lieder-muensterland.de\/wordpress\/wp-content\/uploads\/2022\/03\/coronaBundLogo.jpg\" alt=\"\" width=\"178\" height=\"71\" srcset=\"https:\/\/sagenhafte-lieder-muensterland.de\/wordpress\/wp-content\/uploads\/2022\/03\/coronaBundLogo.jpg 431w, https:\/\/sagenhafte-lieder-muensterland.de\/wordpress\/wp-content\/uploads\/2022\/03\/coronaBundLogo-300x120.jpg 300w\" sizes=\"(max-width: 178px) 100vw, 178px\" \/> <img loading=\"lazy\" class=\"wp-image-340 alignright\" src=\"https:\/\/sagenhafte-lieder-muensterland.de\/wordpress\/wp-content\/uploads\/2022\/03\/coronaSHLogo.jpg\" alt=\"\" width=\"59\" height=\"108\" \/><\/p>\n","protected":false},"excerpt":{"rendered":"<div class=\"entry-summary\">\nDie n\u00e4chsten \u00f6ffentlichen Live-Termine 29.05.2026, ab 17:30Uhr Uhr Dunkel Dunkel im Moor,&hellip;\n<\/div>\n<div class=\"link-more\"><a href=\"https:\/\/sagenhafte-lieder-muensterland.de\/wordpress\/\" class=\"more-link\">Continue reading<span class=\"screen-reader-text\"> &ldquo;Die Gitarre erklingt &#8230;&rdquo;<\/span>&hellip;<\/a><\/div>\n","protected":false},"author":1,"featured_media":0,"parent":0,"menu_order":0,"comment_status":"closed","ping_status":"open","template":"","meta":[],"_links":{"self":[{"href":"https:\/\/sagenhafte-lieder-muensterland.de\/wordpress\/wp-json\/wp\/v2\/pages\/2"}],"collection":[{"href":"https:\/\/sagenhafte-lieder-muensterland.de\/wordpress\/wp-json\/wp\/v2\/pages"}],"about":[{"href":"https:\/\/sagenhafte-lieder-muensterland.de\/wordpress\/wp-json\/wp\/v2\/types\/page"}],"author":[{"embeddable":true,"href":"https:\/\/sagenhafte-lieder-muensterland.de\/wordpress\/wp-json\/wp\/v2\/users\/1"}],"replies":[{"embeddable":true,"href":"https:\/\/sagenhafte-lieder-muensterland.de\/wordpress\/wp-json\/wp\/v2\/comments?post=2"}],"version-history":[{"count":98,"href":"https:\/\/sagenhafte-lieder-muensterland.de\/wordpress\/wp-json\/wp\/v2\/pages\/2\/revisions"}],"predecessor-version":[{"id":547,"href":"https:\/\/sagenhafte-lieder-muensterland.de\/wordpress\/wp-json\/wp\/v2\/pages\/2\/revisions\/547"}],"wp:attachment":[{"href":"https:\/\/sagenhafte-lieder-muensterland.de\/wordpress\/wp-json\/wp\/v2\/media?parent=2"}],"curies":[{"name":"wp","href":"https:\/\/api.w.org\/{rel}","templated":true}]}}