{"id":184,"date":"2020-11-12T19:53:05","date_gmt":"2020-11-12T18:53:05","guid":{"rendered":"https:\/\/sagenhafte-lieder-muensterland.de\/wordpress\/?page_id=184"},"modified":"2020-11-12T19:53:54","modified_gmt":"2020-11-12T18:53:54","slug":"tecklenburg-sein-sagenhaftes-umland","status":"publish","type":"page","link":"https:\/\/sagenhafte-lieder-muensterland.de\/wordpress\/es-war-einmal-in\/tecklenburg-sein-sagenhaftes-umland\/","title":{"rendered":"Tecklenburg &#038; sein sagenhaftes Umland"},"content":{"rendered":"<p><img loading=\"lazy\" class=\"alignnone size-full wp-image-185\" src=\"https:\/\/sagenhafte-lieder-muensterland.de\/wordpress\/wp-content\/uploads\/2020\/11\/Ellipse-Tecklenburg-100-pixel.png\" alt=\"\" width=\"100\" height=\"99\" \/> Es war einmal in Tecklenburg&#8230;<\/p>\n<p>In der einstigen Kreisstadt mit Burgruine und der atemberaubensten Aussicht des M\u00fcnsterlandes geben sich eine Vielzahl von Legenden, Sagen und Gruselgeschichten die Hand.<\/p>\n<p>So lehnte sich hier im Mittelalter ein mutiger Arzt erfolgreich gegen die Hexenverfolgung auf \u2013 obschon vielerlei Steinformationen mit verr\u00e4terischen Abdr\u00fccken dem abergl\u00e4ubischen Volke die Existenz des Teufels und seiner Gespielinnen zu beweisen schienen.<\/p>\n<p>Ohnehin scheint alles in dieser Gegend riesenhaft und \u00fcberw\u00e4ltigend: selbst eine Kanone namens \u201eGrote Greite\u201c war in der Lage, ihre Kugeln bis nach M\u00fcnster zu feuern.<\/p>\n<p>Die Felsen <strong>Paula und Dodo<\/strong> sollen fr\u00fcher menschlicher Natur gewesen sein; so wurden zwei Tecklenburger unsterblich und ihre Liebe w\u00e4hrt ewig.<\/p>\n<p>Dabei k\u00f6nnen Menschen sich durchaus gef\u00fchlsk\u00e4lter als Steine erweisen:<\/p>\n<p>Die in der Stadt spukende <strong>Weisse Frau<\/strong> \u2013 eine einstige Burgherrin \u2013 brachte aus Eitelkeit ihre eigenen T\u00f6chter um, auf dass sie stets die Sch\u00f6nste bliebe.<\/p>\n<p>Damit w\u00e4re sie bei den alten Germanen, die die Dreifaltigkeit der G\u00f6ttin in Form der g\u00fctigen \u201eGrossen Mutter\u201c verehrten, nicht durchgekommen.<\/p>\n<p>Man kann die Monumente ihrer heidnischen Verehrung, die <strong>Duvensteinen<\/strong> und die <strong>Grafentafel i<\/strong>n Holperdorp bestaunen.<\/p>\n<p>Begab sich ein Wanderer einst auf seinem Fu\u00dfmarsch von dort nach Lienen, musste er an der Kreuzung <strong>Siebenwege <\/strong>\u2013 an der es empfehlenswert war, alle Sinne beieinander zu haben \u2013 entscheiden, welchen Weg er weiter nehmen wollte.<\/p>\n<p>Entschied er sich f\u00fcr den nach <strong>Kattenvenne<\/strong>, musste er sich vorsehen: dort soll es wohl im Moore umgehen \u2013 und dabei sind Katzen im Spiel.<\/p>\n<p>Im benachbarten Ladbergen stand fr\u00fcher die Kunst des \u201eSp\u00f6kenkiekens\u201c hoch im Kurs: ob einer dieser Hellsichtigen Menschen auch das Schicksal des unbedarften Wilm, der sich mit fataler Folge als <strong>geh\u00f6rntes Gespenst<\/strong> verkleidete, vorhersah?<\/p>\n<p><img loading=\"lazy\" class=\"size-full wp-image-187 alignleft\" src=\"https:\/\/sagenhafte-lieder-muensterland.de\/wordpress\/wp-content\/uploads\/2020\/11\/Wechte-Megalithen-100-pixel.jpg\" alt=\"\" width=\"100\" height=\"75\" \/>In weitaus effektiveren Schritten als unser Wanderer konnten sich die gigantischen H\u00fcnen in grauer Vorzeit fortbewegen; sagen wir mal, gut sieben Meilen pro Tritt. Entsprechend gro\u00df waren die Steine, die sich in ihren Schuhen sammelten und gewaltig dr\u00fcckten: das Ergebnis eines geleerten H\u00fcnen-Treters blieb uns in Wechte erhalten.<\/p>\n<p>Von den <strong>H\u00fcnengr\u00e4bern<\/strong> aus zum sp\u00e4teren Lengericher Bahnhof h\u00e4tte es wohl auch nur eines einzigen ihrer Fu\u00dfstapfen bedurft; um den Osning zu \u00fcberqueren, ebenfalls.<\/p>\n<p>Aber so einfach ist f\u00fcr Menschen die Fortbewegung nun mal nicht:<\/p>\n<p>Als man die 1.Eisenbahnlinie nach Osnabr\u00fcck konzipierte, wurde ein fast 800m langer <strong>Tunnel <\/strong>durch den Berg gegraben, der nach seiner Stilllegung in Kriegszeiten f\u00fcr unr\u00fchmliche Zwecke genutzt wurde.<\/p>\n<p>Aber dahin zur\u00fcck, als das Reisen mit der Bahn noch Zukunftsmusik war.<\/p>\n<p>Unternahm man den beschwerlichen Weg von Lengerich nach Brochterbeck\u00a0 zu Fu\u00df \u00fcber den Hermannsweg, konnte man schon das Bed\u00fcrfnis versp\u00fcren, zwischendurch zu rasten.<\/p>\n<p>W\u00e4hlte man dazu jedoch unmittelbar hinter Tecklenburg und seiner einstigen Windm\u00fchle eine unterhalb des Weges liegende &#8211; auf den ersten Blick einem K\u00fchlhaus nicht un\u00e4hnliche &#8211; Felsennische, so sei man gewarnt: hier gibt es keine Erfrischungsgetr\u00e4nke \u2013 Nein!\u00a0 &#8211; es handelt es sich um das <strong>Rolandsgrab<\/strong> \u2013 und in den Felsengr\u00e4bern soll es bekanntlich nicht geheuer sein.<\/p>\n<p>Besser ziehe man ein wenig weiter und genie\u00dfe die entspannende <strong>Cobbos-Ruh <\/strong>mit einstmals gro\u00dfartigem Ausblick.<\/p>\n<p>Dass sich in n\u00e4chster Umgebung dieser fr\u00fcheren Ruhe-Oase eine Opferst\u00e4tte, der <strong>Heidentempel<\/strong>, mit manch finsterem Geheimnis befindet, ist eine der Spezialit\u00e4ten des sagenumwobenen Teutoburger Waldes.<\/p>\n<p><img loading=\"lazy\" class=\"size-full wp-image-186 alignleft\" src=\"https:\/\/sagenhafte-lieder-muensterland.de\/wordpress\/wp-content\/uploads\/2020\/11\/Brochterbeck-Duewelskerken-100-pixel.jpg\" alt=\"\" width=\"75\" height=\"100\" \/>\u00c4hnlich morbiden Gesch\u00e4ften gingen die Heiden auch in der <strong>D\u00fcvelskerke <\/strong>zu Brochterbeck nach. \u00dcbrigens wurde \u2013 \u00e4hnlich dem Lengericher Tunnel &#8211;\u00a0 diese ehemalige Kult-St\u00e4tte sp\u00e4ter f\u00fcr Kriegszwecke rekrutiert.<\/p>\n<p>Der Germanengott Wodan, dem zuverl\u00e4ssig an ebenjenen Steinen gehuldigt wurde, erschien einer ehemaligen Priesterin, die oberhalb des Bocketals im felsigen <strong>Geisterschloss<\/strong> auf immer seine schattenhafte Gemahlin sein wird.<\/p>\n<p>Beenden wir den Gang rund um Tecklenburg und lassen uns noch ein wenig in der legend\u00e4ren <strong>Fledermaush\u00f6hle von Brochterbeck<\/strong> nieder, die schon\u00a0 den vielf\u00e4ltigsten Zwecken gedient haben soll.<\/p>\n<ol>\n<li>Reise durchs sagenhafte Tecklenburg<\/li>\n<li>Tecklenburggeschichten<\/li>\n<li>Paula &amp; Dodo<\/li>\n<li>Weisse Frau<\/li>\n<li>Duvensteine &amp; Grafentafel<\/li>\n<li>Siebenwege<\/li>\n<li>Kattenvenner Moor<\/li>\n<li>Geh\u00f6rntes Gespenst<\/li>\n<li>H\u00fchnengr\u00e4ber<\/li>\n<li>Tunnel zu Lengerich<\/li>\n<li>Felsengrab<\/li>\n<li>Cobbos Ruh<\/li>\n<li>Heidentempel<\/li>\n<li>D\u00fcvelskerke<\/li>\n<li>Geisterschloss<\/li>\n<li>Fledermaush\u00f6hle<\/li>\n<\/ol>\n<p>&nbsp;<\/p>\n","protected":false},"excerpt":{"rendered":"<div class=\"entry-summary\">\nEs war einmal in Tecklenburg&#8230; In der einstigen Kreisstadt mit Burgruine und&hellip;\n<\/div>\n<div class=\"link-more\"><a href=\"https:\/\/sagenhafte-lieder-muensterland.de\/wordpress\/es-war-einmal-in\/tecklenburg-sein-sagenhaftes-umland\/\" class=\"more-link\">Continue reading<span class=\"screen-reader-text\"> &ldquo;Tecklenburg &#038; sein sagenhaftes Umland&rdquo;<\/span>&hellip;<\/a><\/div>\n","protected":false},"author":1,"featured_media":0,"parent":47,"menu_order":0,"comment_status":"closed","ping_status":"closed","template":"","meta":[],"_links":{"self":[{"href":"https:\/\/sagenhafte-lieder-muensterland.de\/wordpress\/wp-json\/wp\/v2\/pages\/184"}],"collection":[{"href":"https:\/\/sagenhafte-lieder-muensterland.de\/wordpress\/wp-json\/wp\/v2\/pages"}],"about":[{"href":"https:\/\/sagenhafte-lieder-muensterland.de\/wordpress\/wp-json\/wp\/v2\/types\/page"}],"author":[{"embeddable":true,"href":"https:\/\/sagenhafte-lieder-muensterland.de\/wordpress\/wp-json\/wp\/v2\/users\/1"}],"replies":[{"embeddable":true,"href":"https:\/\/sagenhafte-lieder-muensterland.de\/wordpress\/wp-json\/wp\/v2\/comments?post=184"}],"version-history":[{"count":1,"href":"https:\/\/sagenhafte-lieder-muensterland.de\/wordpress\/wp-json\/wp\/v2\/pages\/184\/revisions"}],"predecessor-version":[{"id":188,"href":"https:\/\/sagenhafte-lieder-muensterland.de\/wordpress\/wp-json\/wp\/v2\/pages\/184\/revisions\/188"}],"up":[{"embeddable":true,"href":"https:\/\/sagenhafte-lieder-muensterland.de\/wordpress\/wp-json\/wp\/v2\/pages\/47"}],"wp:attachment":[{"href":"https:\/\/sagenhafte-lieder-muensterland.de\/wordpress\/wp-json\/wp\/v2\/media?parent=184"}],"curies":[{"name":"wp","href":"https:\/\/api.w.org\/{rel}","templated":true}]}}