{"id":163,"date":"2020-11-12T19:42:08","date_gmt":"2020-11-12T18:42:08","guid":{"rendered":"https:\/\/sagenhafte-lieder-muensterland.de\/wordpress\/?page_id=163"},"modified":"2021-11-01T10:41:15","modified_gmt":"2021-11-01T09:41:15","slug":"eine-reise-durchs-sagenhafte-umland-von-ems-bever","status":"publish","type":"page","link":"https:\/\/sagenhafte-lieder-muensterland.de\/wordpress\/es-war-einmal-in\/eine-reise-durchs-sagenhafte-umland-von-ems-bever\/","title":{"rendered":"Eine Reise durchs Sagenhafte Umland von  Ems &#038; Bever"},"content":{"rendered":"<p><img loading=\"lazy\" class=\"alignnone size-full wp-image-165\" src=\"https:\/\/sagenhafte-lieder-muensterland.de\/wordpress\/wp-content\/uploads\/2020\/11\/Ellipse-Ems-Bever-100-pixel.png\" alt=\"\" width=\"100\" height=\"98\" \/> Es war einmal im Gebiet von Ems und Bever&#8230;<\/p>\n<p>Fr\u00fch wurde in dieser fruchtbaren Gegend gesiedelt. Die Fl\u00fcsse waren stets die Lebensader des Landes.<\/p>\n<p>Da gibt es viele Geschichten rund um die Fl\u00fcsse, ihre M\u00fchlen und Kolke. Man munkelte immer schon, dass der Teufel es auf diese Gegend von Westfalen aufgrund ihrer \u00dcppigkeit besonders abgesehen haben soll.<\/p>\n<p>Ein einstiger Herr der Wallburg Haskenau, wollte\u00a0 die Maut am Ems\u00fcbergang <strong>Burg<\/strong> <strong>Sch\u00f6neflieth <\/strong>in Greven einstreichen, wobei er zu seiner Bereicherung mit unlauteren Mitteln hantierte. Auch sonst hielt der Ritter Dietrich sich nicht an Regeln und exekutierte kurzerhand den Burggeistlichen, als dieser ihn wegen seines gottesl\u00e4sterlichen Verhaltens ermahnen wollte.<\/p>\n<p><img loading=\"lazy\" class=\"size-full wp-image-166 alignleft\" src=\"https:\/\/sagenhafte-lieder-muensterland.de\/wordpress\/wp-content\/uploads\/2020\/11\/Bever-Ostbevern-100-pixel.jpg\" alt=\"\" width=\"100\" height=\"75\" \/>Flussaufw\u00e4rts, nachdem Gelmer und die Wersem\u00fcndung passiert sind, n\u00e4hert man sich <strong>Westbevern<\/strong>-Vadrup, wo die Bever bei Vadrup in die Ems flie\u00dft.<\/p>\n<p>Eine der legend\u00e4ren <strong>Wasserm\u00fchlen<\/strong> kann man noch heute am Haus Langen bewundern.<\/p>\n<p>Fr\u00fcher geh\u00f6rte das heutige Dorf Ostbevern Brock noch zum eigenst\u00e4ndigen Westbevern. Hier flie\u00dft die Aa, im Grevener Gebiet Eltingm\u00fchlenbach genannt, die bei Hembergen in die Ems m\u00fcndet. Oberhalb des Deppengaus erstreckt sich das Waldgebiet <strong>Kattmanskamp<\/strong>, in dem es Nachts nicht geheuer sein soll.<\/p>\n<p>Heutzutage ist Westbevern ein Ortsteil von Telgte. In der Wallfahrtsstadt fand man einst in den Fluten der Ems eine geschnitzte Madonna \u2013 just der Marienlinde nahe des Flussufers entsprungen. Viele Pilger begaben sich ob dieses Wunders zur Gnadenkapelle und in die Wallfahrtskirche St.Clemens, was sicher auch dem Wohlstand des Ortes zugute kam. Edelstes <strong>Telgter Leintuch <\/strong>war in klerikalem Einsatz, was einen dar\u00fcber nachdenken l\u00e4sst, wie aufwendig einst die textile Produktion vom Flachs bis zum Chorhemd war.<\/p>\n<p>Doch zur\u00fcck zur sagenumwobenen Bever, dem flei\u00dfigsten Fluss des M\u00fcnsterlandes:<\/p>\n<p>Hinter dem Waldst\u00fcck zwischen Westbevern und Ostbevern hat direkt am Ufer einst eine Burg gestanden. Aufgrund von Streitigkeiten zwischen dem Burgherrn, Otto dem 6. von Tecklenburg und F\u00fcrstbischof Florenz von Wevelinghofer wurde die Anlage zerst\u00f6rt. Geblieben ist eine Gedenkst\u00e4tte, sowie ein waschechtes Gespenst, das <strong>J\u00fcfferken von Halstenbeck<\/strong>, das bis zum heutigen Tag seinen w\u00e4hrend der Gefechte verschollenen Liebsten sucht.<\/p>\n<p>Damit aber nicht genug: auch eine ungeweihte Glocke, die der Teufel vom Ostbeverner Kirchturm warf, soll gelegentlich im <strong>Ni\u00e4telnkolk<\/strong>, einem T\u00fcmpel nahe Kock&#8217;s M\u00fchle spuken und ein <strong>Sp\u00f6kenkieker<\/strong>, dem aber keiner glauben wollte, sah den Brand der Loburg 1899 vorher.<\/p>\n<p>Oberhalb der Doppelm\u00fchle im Dorf gab es die M\u00fchlen\u00a0 der Kl\u00f6ster <strong>Rengering und Vinnenberg<\/strong>. Ersterem wurde zu napoleonischen Zeit die Existenz aberkannt,<\/p>\n<p>obschon die M\u00fchle weiterbetrieben werden durfte. Welch seltsame Erscheinung zum Bau von Kloster Vinnenberg beitrug, ist wahrlich strahlend und sagenhaft!<\/p>\n<p>Ruderte man von dort aus kr\u00e4ftig gegen die Str\u00f6mung der Bever an, so kommt man in die N\u00e4he des imposanten Schloss Harkotten bei F\u00fcchtorf. D\u00fcster ist die schaurige Geschichte der <strong>Weissen Frau<\/strong>; alle 12 Jahre soll sie dort umgehen.<\/p>\n<p>Die Ger\u00e4usch klappernder M\u00fchlr\u00e4der und Pferdehufe sind in dieser Gegend stets pr\u00e4sent gewesen \u2013 vor allem, je n\u00e4her wir nach Warendorf kommen.<\/p>\n<p>Die erste Ansiedlung der Sachsen am Emsufer erhielt den wohlklingenden Namen <strong>Warantharpa<\/strong>.<\/p>\n<p>Nahe des heutigen Emssees und eines Totarms der Ems liegt die <strong>Glockenkuhle<\/strong>.<\/p>\n<p>Auch hier wollte sich der Teufel einer Glocke entledigen und warf sie vom St.Laurentius-Turm bis in den Weiher.<\/p>\n<p>Die legend\u00e4ren Kuhlen haben im Kreis Warendorf eben Tradition: In Lette muss eine betr\u00fcgerische Tuchh\u00e4ndlerin die <strong>Aoltwiwerkuhle<\/strong> bis zum j\u00fcngsten Tag mit einem l\u00f6cherigen Eimer aussch\u00f6pfen. Sie soll sich auch gelegentlich am Wasser\u00a0 des nahe gelegenen Tewesbachs, der \u2013 nachdem er zun\u00e4chst in den Axtbach m\u00fcndet und somit zu guter Letzt bei Warendorf die Ems speist &#8211; bedient haben.<\/p>\n<p>Selbstverst\u00e4ndlich wird auch dabei der Teufel im Spiel gewesen sein \u2013 in <strong>Ennigerloh<\/strong>, wo man zu Mittelalterszeit eine florierende Hinrichtungsst\u00e4tte betrieb, lie\u00df er sich mit dem Namen <strong>D\u00f6\u00fcvel <\/strong>bezeichnen. Ger\u00fcchteweise soll er gerne ein Bad in diversen B\u00e4chen des Ortes \u2013 so auch dem Mussenbach \u2013 genommen haben. So lie\u00df er sich dann auch schon mal von der Str\u00f6mung durch B\u00fcttrup und Flintrup bis zur Emsm\u00fcndung in der N\u00e4he von Einen treiben \u2013 nicht von ungef\u00e4hr liegt an dieser Stelle ein Geh\u00f6ft namens D\u00fcvelskotten.<\/p>\n<p>Wom\u00f6glich traf er auf einer seiner Flussreisen ja auch auf die unselige<strong> Jungfer Eli<\/strong> vom Freckenhorster Stift. Falls diese sich\u00a0 zum W\u00e4schewaschen im Fluss herablie\u00df, wird sie es aber eher im Spillenbach oder Br\u00fcggenbach getan haben \u2013 wobei anzunehmen ist, dass die verderbte Person nicht selbst ihren Hausarbeits-Pflichten nachkam, sondern dieses den M\u00e4gden auferlegte.<\/p>\n<p>Ihr unr\u00fchmliches Schicksal verbannte sie letztendlich als Gespenst in die Davert \u2013 wo sie auf immer in bester Geister- und Teufelsgesellschaft sein soll&#8230;<\/p>\n<ol>\n<li>Sagenhafte Ems &amp; Bever<\/li>\n<li>Burg Sch\u00f6neflieth<\/li>\n<li>Kattmannskamp<\/li>\n<li>Westbevern<\/li>\n<li>Wasserm\u00fchlen<\/li>\n<li>Telgter Leintuch<\/li>\n<li>J\u00fcfferken von Halstenbeck<\/li>\n<li>Ni\u00e4telnkolk<\/li>\n<li>Sp\u00f6kenkieker<\/li>\n<li>Rengering &amp; Vinnenberg<\/li>\n<li>Harkotten&#8217;s Weisse Frau<\/li>\n<li>Warantharpa<\/li>\n<li>Glockenkuhle<\/li>\n<li>Aoltwiwerkuhle<\/li>\n<li>D\u00f6\u00fcvel von Ennigerloh<\/li>\n<li>Jungfer Eli<\/li>\n<\/ol>\n","protected":false},"excerpt":{"rendered":"<div class=\"entry-summary\">\nEs war einmal im Gebiet von Ems und Bever&#8230; Fr\u00fch wurde in&hellip;\n<\/div>\n<div class=\"link-more\"><a href=\"https:\/\/sagenhafte-lieder-muensterland.de\/wordpress\/es-war-einmal-in\/eine-reise-durchs-sagenhafte-umland-von-ems-bever\/\" class=\"more-link\">Continue reading<span class=\"screen-reader-text\"> &ldquo;Eine Reise durchs Sagenhafte Umland von  Ems &#038; Bever&rdquo;<\/span>&hellip;<\/a><\/div>\n","protected":false},"author":1,"featured_media":0,"parent":47,"menu_order":0,"comment_status":"closed","ping_status":"closed","template":"","meta":[],"_links":{"self":[{"href":"https:\/\/sagenhafte-lieder-muensterland.de\/wordpress\/wp-json\/wp\/v2\/pages\/163"}],"collection":[{"href":"https:\/\/sagenhafte-lieder-muensterland.de\/wordpress\/wp-json\/wp\/v2\/pages"}],"about":[{"href":"https:\/\/sagenhafte-lieder-muensterland.de\/wordpress\/wp-json\/wp\/v2\/types\/page"}],"author":[{"embeddable":true,"href":"https:\/\/sagenhafte-lieder-muensterland.de\/wordpress\/wp-json\/wp\/v2\/users\/1"}],"replies":[{"embeddable":true,"href":"https:\/\/sagenhafte-lieder-muensterland.de\/wordpress\/wp-json\/wp\/v2\/comments?post=163"}],"version-history":[{"count":2,"href":"https:\/\/sagenhafte-lieder-muensterland.de\/wordpress\/wp-json\/wp\/v2\/pages\/163\/revisions"}],"predecessor-version":[{"id":289,"href":"https:\/\/sagenhafte-lieder-muensterland.de\/wordpress\/wp-json\/wp\/v2\/pages\/163\/revisions\/289"}],"up":[{"embeddable":true,"href":"https:\/\/sagenhafte-lieder-muensterland.de\/wordpress\/wp-json\/wp\/v2\/pages\/47"}],"wp:attachment":[{"href":"https:\/\/sagenhafte-lieder-muensterland.de\/wordpress\/wp-json\/wp\/v2\/media?parent=163"}],"curies":[{"name":"wp","href":"https:\/\/api.w.org\/{rel}","templated":true}]}}